{"id":31,"date":"2024-07-16T20:34:01","date_gmt":"2024-07-16T17:34:01","guid":{"rendered":"http:\/\/draculadigital.ro\/?page_id=31"},"modified":"2024-10-14T14:33:33","modified_gmt":"2024-10-14T11:33:33","slug":"regulament","status":"publish","type":"page","link":"https:\/\/draculadigital.ro\/2024\/regulament\/","title":{"rendered":"Regulament"},"content":{"rendered":"<p>[vc_row][vc_column][vc_column_text]<\/p>\n<h4><span style=\"color: #ed1c24;\">1. <\/span>ORGANIZATOR \u015eI OBIECTIVE<\/h4>\n<p>Competi\u021bia <a href=\"https:\/\/draculadigital.ro\/2024\/concurs\/\" target=\"_blank\" rel=\"noopener\">Dracula Digital<\/a> este organizat\u0103 \u00een cadrul evenimentului <a href=\"https:\/\/draculafilm.ro\" target=\"_blank\" rel=\"noopener\"><strong>Dracula Film Festival<\/strong><\/a>, Edi\u021bia a XII-a organizat la Bra\u0219ov (sau online dac\u0103 din condi\u021bii care nu depind de organizatori proiec\u021bia filmelor nu poate avea loc \u00een prezen\u021ba publicului) de c\u0103tre Asocia\u021bia Cultural\u0103 FANZIN. Dracula Digital are scopul de a promova educa\u0163ia cinematografic\u0103 \u00een r\u00e2ndul tinerilor, de a le oferi tinerilor din toat\u0103 \u0163ara \u0219ansa de a se apropia de lumea filmului, \u015fi de a descoperi \u015fi cultiva noi talente \u00een cinematografia din Rom\u00e2nia. Acest atelier se adreseaz\u0103 tinerilor cu v\u00e2rste cuprinse \u00eentre 16 \u015fi 29 ani, din toat\u0103 \u0163ara, pasiona\u0163i de film \u0219i fotografie.<\/p>\n<h4><span style=\"color: #ed1c24;\">2. <\/span>PERIOADA ORGANIZ\u0102RII COMPETI\u021aIEI \u015eI DATE LIMIT\u0102<\/h4>\n<p>Competi\u021bia Dracula Digital se va desf\u0103\u015fura la Bra\u0219ov \u00een perioada <strong>15 iulie <\/strong>\u2013<strong> 3 noiembrie 2024<\/strong>.<\/p>\n<p>\u00censcrierile se fac \u00een perioada <strong>15 iulie <\/strong>\u2013 <strong>29 septembrie<\/strong> <strong>2024<\/strong> pe site-ul <a href=\"https:\/\/draculadigital.ro\/2024\/concurs\/\" target=\"_blank\" rel=\"noopener\"><strong>www.draculadigital.ro<\/strong><\/a><\/p>\n<p>Votarea filmelor \u00eenscrise se face \u00een perioada <strong>30 septembrie<\/strong> \u2013 <strong>10 octombrie<\/strong> <strong>2024<\/strong> pe site-ul <a href=\"https:\/\/draculadigital.ro\/2024\/concurs\/\" target=\"_blank\" rel=\"noopener\"><strong>www.draculadigital.ro<\/strong><\/a><\/p>\n<p>Competi\u021bia final\u0103 Dracula Digital are loc \u00een perioada <strong>30<\/strong><strong> octombrie &#8211; 3 noiembrie<\/strong> <strong>2024<\/strong>.<\/p>\n<h4><span style=\"color: #ed1c24;\">3. <\/span>REGULI DE \u00ceNSCRIERE \u00ceN COMPETI\u0162IE<\/h4>\n<p>Competi\u021bia\u00a0<a href=\"https:\/\/draculadigital.ro\/2024\/concurs\/\">Dracula Digital<\/a>\u00a0este destinat\u0103 tinerilor cu v\u00e2rsta cuprins\u0103 \u00eentre\u00a016\u00a0\u0219i\u00a029 ani.<\/p>\n<p>Pentru a participa la Competi\u021bia\u00a0<a href=\"https:\/\/draculadigital.ro\/2024\/concurs\/\">Dracula Digital<\/a>:<\/p>\n<ul>\n<li>filmul trebuie s\u0103 fie filmat cu\u00a0telefonul mobil;<\/li>\n<li>filmul trebuie s\u0103 aib\u0103 o durat\u0103 \u00eentre\u00a01\u00a0\u0219i\u00a03 minute;<\/li>\n<li>trebuie s\u0103 fie un film\u00a0horror,\u00a0SF,\u00a0supranatural,\u00a0thriller\u00a0sau\u00a0fantastic;<\/li>\n<li>filmul trebuie postat pe\u00a0<a href=\"https:\/\/www.youtube.com\/\" target=\"_blank\" rel=\"noopener\">www.youtube.com<\/a>,\u00a0<a href=\"https:\/\/vimeo.com\/\" target=\"_blank\" rel=\"noopener\">www.vimeo.com<\/a>, iar link-ul trebuie postat pe\u00a0<a href=\"https:\/\/draculadigital.ro\/2024\/concurs\/\" target=\"_blank\" rel=\"noopener\">www.draculadigital.ro<\/a>;<\/li>\n<li>trebuie sa fii de acord \u0219i s\u0103 accep\u021bi regulamentul Competi\u021biei Dracula Digital 2024.<\/li>\n<li>trebuie s\u0103 ai o v\u00e2rst\u0103 cuprins\u0103 \u00eentre\u00a016\u00a0\u0219i\u00a029 ani.<\/li>\n<\/ul>\n<p>Nu exist\u0103 tax\u0103 de \u00eenscriere \u00een competi\u0163ia\u00a0<a href=\"https:\/\/draculadigital.ro\/2024\/concurs\/\" target=\"_blank\" rel=\"noopener\">Dracula Digital<\/a>. Festivalul NU pl\u0103te\u0219te drepturi de proiec\u021bie pentru filmele \u00eenscrise \u00een sec\u021biunea competitiv\u0103\u00a0<a href=\"https:\/\/draculadigital.ro\/2024\/concurs\/\" target=\"_blank\" rel=\"noopener\">Dracula Digital<\/a>.<\/p>\n<p>Data limit\u0103 de primire a formularelor de \u00eenscriere \u00een competi\u021bie este <strong>29 septembrie 2024<\/strong>,<strong> ora 23:59<\/strong>. Sunt luate \u00een calcul doar \u00eenscrierile efectuate pe site-ul <a href=\"https:\/\/draculadigital.ro\/2024\/\" target=\"_blank\" rel=\"noopener\">www.draculadigital.ro<\/a><\/p>\n<h4><span style=\"color: #ed1c24;\">4. <\/span>ETAPA 1: SELEC\u0162IA<\/h4>\n<p>Un juriu de specialitate va selecta\u00a05 filme\u00a0care intr\u0103 \u00een final\u0103.<\/p>\n<p>De asemenea, filmul care la data de<strong> 10 octombrie<\/strong> <strong>2024<\/strong>, ora <strong>23:59<\/strong>, \u00eenregistreaz\u0103 cele mai multe voturi din partea publicului filmul intr\u0103 automat \u00een final\u0103.<\/p>\n<p>\u00cen perioada <strong>30 septembrie<\/strong> \u2013 1<strong>0 octombrie 2024<\/strong>, pot fi votate filmele \u00eenscrise \u00een competi\u021bie. Votarea se face exclusiv pe\u00a0<a href=\"https:\/\/draculadigital.ro\/2024\/concurs\/\">www.draculadigital.ro<\/a>.<\/p>\n<p>Cele 6 echipe finaliste vor fi anun\u021bate pe site-ul <a href=\"https:\/\/draculadigital.ro\/2024\/\">www.draculadigital.ro<\/a> pe data de <strong>14 octombrie 2024<\/strong>.<\/p>\n<p>Reprezenta\u021bii celor\u00a06 filme selectate\u00a0pentru final\u0103 (5 de c\u0103tre juriu \u0219i unul de c\u0103tre public prin vot direct) vor intra in etapa a 2-a a competitiei ce va avea loc \u00een perioada festivalului\u00a0<a href=\"http:\/\/draculafilm.ro\/\" target=\"_blank\" rel=\"noopener\">Dracula Film Festival<\/a> organizat \u00een perioada <strong>30 octombrie \u2013 3 noiembrie 2024<\/strong>.<\/p>\n<p>Din partea fiec\u0103rui film, vor participa 3 persoane.<\/p>\n<h4><span style=\"color: #ed1c24;\">5. <\/span>ETAPA 2: COMPETI\u021aIA<\/h4>\n<p><strong>Modul de desf\u0103\u0219urare a competi\u021biei<\/strong><\/p>\n<p>\u00cen perioada\u00a0<strong>30 octombrie \u2013 3 noiembrie 2024<\/strong>, cele 6 echipe selectate vor participa la un workshop online. Acesta va fi accesibil \u0219i publicului larg, pe baza de inscrieri in prealabil. Programul \u0219i tema workshop-urilor va fi anun\u021bat\u0103 p\u00e2n\u0103 la data de\u00a0<strong>25 octombrie 2024<\/strong>.<\/p>\n<p>Pe durata\u00a0<a href=\"http:\/\/draculafilm.ro\/\">Dracula Film Festival<\/a>\u00a0(<strong>30 octombrie \u2013 3 noiembrie 2024<\/strong>) cele 6 echipe selectate vor realiza c\u00e2te un film horror, SF, supranatural, thriller sau fantastic. Filmul va fi filmat cu telefoul mobil cu o tem\u0103 aleas\u0103 de juriu (utilizant 3 cuvinte cheie alese de juriu) \u0219i va avea\u00a03 minute. Cele 6 echipe vor filma \u00een Brasov \u0219i filme vor fi proiectate exclusiv online pe\u00a0<a href=\"https:\/\/draculadigital.ro\/2024\/\">www.draculadigital.ro<\/a>. C\u00e2\u0219tig\u0103torul va fi ales prin votul juriului.<\/p>\n<h4><span style=\"color: #ed1c24;\">6. <\/span>\u00ceNREGISTRARE AUDIO-VIDEO<\/h4>\n<p>Prin participarea la competi\u021bie, concuren\u021bii sunt de acord ca filmele realizate \u00een cadrul competi\u021biei s\u0103 fie \u00eenregistrate audio \u0219i video de c\u0103tre organizatori sau de c\u0103tre persoanele desemnate de c\u0103tre organizator \u00een acest scop. Persoanele care apar \u00een \u00eenregistr\u0103rile realizate nu pot avea nicio preten\u021bie fa\u021b\u0103 de organizatori, produc\u0103tori sau utilizatori.<\/p>\n<h4><span style=\"color: #ed1c24;\">7. <\/span>REMIUL ACORDAT<\/h4>\n<p>Premiul acordat de c\u0103tre organizator c\u00e2\u0219tig\u0103torului este de\u00a0500 EURO.<\/p>\n<p>Premiul este impozabil conform legisla\u0163iei \u00een vigoare.<\/p>\n<h4><span style=\"color: #ed1c24;\">8. <\/span>OBLIGA\u0162IILE CONCUREN\u0162ILOR<\/h4>\n<ul>\n<li>S\u0103 respecte clauzele regulamentului festivalului;<\/li>\n<li>S\u0103 participe la competi\u021bie, dac\u0103 au trecut de etapa de selec\u0163ie;<\/li>\n<li>S\u0103 de\u021bin\u0103 toate drepturile de autor, incluz\u00e2nd aici drepturile de \u00eenscriere \u0219i de proiec\u021bie a filmelor c\u00e2t \u0219i drepturile de autor ce revin actorilor sau coloanei muzicale.<\/li>\n<\/ul>\n<h4><span style=\"color: #ed1c24;\">9. <\/span>OBLIGA\u0162IILE ORGANIZATORULUI<\/h4>\n<ul>\n<li>Asigur\u0103 cazare si o mas\u0103\/zi pentru cele 6 echipe x 3 persoane invitate la festival. Cheltuielile de transport vor fi suportate de catre concuren\u021bi. Organizatorii nu asigur\u0103 cazare, mas\u0103 \u015fi transport pentru p\u0103rin\u0163i \u015fi \u00eenso\u0163itori.<\/li>\n<li>Organizeaz\u0103 \u015fi pune la dispozi\u0163ie sala de proiec\u021bie necesar\u0103 desf\u0103\u015fur\u0103rii competi\u021biei;<\/li>\n<li>Asigur\u0103 buna desf\u0103\u015furare a selec\u0163iei \u015fi impar\u0163ialitatea acesteia;<\/li>\n<li>Acord\u0103 \u201eDiplome de participare\u201d pentru to\u0163i concuren\u0163ii care intr\u0103 \u00een competi\u021bie;<\/li>\n<li>Organizatorii festivalului asigur\u0103 premii \u00een valoare totala de\u00a0500 EURO. Premiile sunt impozabile conform legisla\u0163iei \u00een vigoare.<\/li>\n<\/ul>\n<h4><span style=\"color: #ed1c24;\">10. <\/span>SITUA\u0162II NEPREV\u0102ZUTE<\/h4>\n<p>Toate candidaturile \u00eenscrise trebuie s\u0103 respecte regulile enun\u0163ate mai sus. Organizatorul \u00ee\u015fi rezerv\u0103 dreptul de a rezolva orice situa\u0163ii excep\u0163ionale.<\/p>\n<h4><span style=\"color: #ed1c24;\">11. <\/span>JURISDIC\u0162IE<\/h4>\n<p>Participarea la Competi\u021bia\u00a0<a href=\"https:\/\/draculadigital.ro\/2024\/concurs\/\">Dracula Digital<\/a>\u00a0implic\u0103 acceptarea regulilor enun\u0163ate mai sus. \u00cen cazul unor litigii, ele vor fi solu\u0163ionate \u00een conformitate cu legisla\u0163ia rom\u00e2n\u0103. Organizatorul festivalului,\u00a0Asocia\u0163ia Culturala FANZIN, \u00ee\u015fi rezerv\u0103 dreptul de a invoca for\u0163a major\u0103 a\u015fa cum este ea definit\u0103 \u00een legisla\u0163ia rom\u00e2n\u0103.<\/p>\n<h4><span style=\"color: #ed1c24;\">12.<\/span>ACCEPTAREA TERMENILOR<\/h4>\n<p>Pentru promovarea festivalului, concuren\u0163ii autorizeaz\u0103 folosirea de c\u0103tre organizatori a informa\u0163iilor \u015fi imaginilor trimise \u00een scopul realiz\u0103rii catalogului festivalului dar \u0219i punerea la dispozi\u0163ia presei a acestor imagini \/ materiale video si alte informa\u0163ii pentru difuzarea unor emisiuni TV dedicate Festivalului (f\u0103r\u0103 preten\u0163ii financiare).<\/p>\n<p>Festivalul este deschis pentru public. Un num\u0103r important de ziari\u0219ti acredita\u021bi din presa scris\u0103 \u0219i audio-video precum \u0219i distribuitori fiind invita\u021bi la manifestare.<\/p>\n<p>Este interzis\u0103 \u00eenscrierea filmelor pentru care participan\u021bii la competi\u021bie nu de\u021bin drepturile de autor sau nu au acordul autorului pentru a utiliza respectivele materiale.<\/p>\n<p>Concurentul este singurul responsabil pentru orice consecin\u021be directe sau indirecte care pot ap\u0103rea ca urmare a particip\u00eerii cu filmele la aceast\u0103 competi\u021bie.<\/p>\n<p>Organizatorul \u00ee\u0219i rezerv\u0103 dreptul de a nu lua \u00een considerare filmele pe care le consider\u0103 obscene, provocatoare sau care \u00eencalc\u0103 \u00een vreun fel Legea drepturilor de autor sau alte legi rom\u00e2ne\u0219ti \u00een vigoare la data Compe\u021bitiei.<\/p>\n<p>Participarea la Festival implic\u0103 respectarea necondi\u021bionat\u0103 a tuturor prevederilor regulamentului.[\/vc_column_text][\/vc_column][\/vc_row]<\/p>\n","protected":false},"excerpt":{"rendered":"<p>[vc_row][vc_column][vc_column_text] 1. ORGANIZATOR \u015eI OBIECTIVE Competi\u021bia Dracula Digital este organizat\u0103 \u00een cadrul evenimentului Dracula Film Festival, Edi\u021bia a XII-a organizat la Bra\u0219ov (sau online dac\u0103 din condi\u021bii care nu depind de organizatori proiec\u021bia filmelor nu poate avea loc \u00een prezen\u021ba publicului) de c\u0103tre Asocia\u021bia Cultural\u0103 FANZIN. Dracula Digital are scopul de a promova educa\u0163ia cinematografic\u0103 &hellip; <a href=\"https:\/\/draculadigital.ro\/2024\/regulament\/\" class=\"more-link\">Continu\u0103 lectura<span class=\"screen-reader-text\"> \u201eRegulament\u201d<\/span><\/a><\/p>\n","protected":false},"author":1446,"featured_media":0,"parent":0,"menu_order":0,"comment_status":"closed","ping_status":"closed","template":"","meta":{"footnotes":""},"yoast_head":"<!-- This site is optimized with the Yoast SEO plugin v20.4 - https:\/\/yoast.com\/wordpress\/plugins\/seo\/ -->\n<title>Regulament - Dracula Digital - 2024<\/title>\n<meta name=\"robots\" content=\"index, follow, max-snippet:-1, max-image-preview:large, max-video-preview:-1\" \/>\n<link rel=\"canonical\" href=\"https:\/\/draculadigital.ro\/2024\/regulament\/\" \/>\n<meta property=\"og:locale\" content=\"ro_RO\" \/>\n<meta property=\"og:type\" content=\"article\" \/>\n<meta property=\"og:title\" content=\"Regulament - Dracula Digital - 2024\" \/>\n<meta property=\"og:description\" content=\"[vc_row][vc_column][vc_column_text] 1. ORGANIZATOR \u015eI OBIECTIVE Competi\u021bia Dracula Digital este organizat\u0103 \u00een cadrul evenimentului Dracula Film Festival, Edi\u021bia a XII-a organizat la Bra\u0219ov (sau online dac\u0103 din condi\u021bii care nu depind de organizatori proiec\u021bia filmelor nu poate avea loc \u00een prezen\u021ba publicului) de c\u0103tre Asocia\u021bia Cultural\u0103 FANZIN. Dracula Digital are scopul de a promova educa\u0163ia cinematografic\u0103 &hellip; Continu\u0103 lectura \u201eRegulament\u201d\" \/>\n<meta property=\"og:url\" content=\"https:\/\/draculadigital.ro\/2024\/regulament\/\" \/>\n<meta property=\"og:site_name\" content=\"Dracula Digital - 2024\" \/>\n<meta property=\"article:modified_time\" content=\"2024-10-14T11:33:33+00:00\" \/>\n<meta property=\"og:image\" content=\"https:\/\/draculadigital.ro\/2024\/wp-content\/uploads\/2024\/07\/fb-dd2024-01.png\" \/>\n\t<meta property=\"og:image:width\" content=\"1200\" \/>\n\t<meta property=\"og:image:height\" content=\"630\" \/>\n\t<meta property=\"og:image:type\" content=\"image\/png\" \/>\n<meta name=\"twitter:card\" content=\"summary_large_image\" \/>\n<meta name=\"twitter:label1\" content=\"Timp estimat pentru citire\" \/>\n\t<meta name=\"twitter:data1\" content=\"6 minute\" \/>\n<script type=\"application\/ld+json\" class=\"yoast-schema-graph\">{\"@context\":\"https:\/\/schema.org\",\"@graph\":[{\"@type\":\"WebPage\",\"@id\":\"https:\/\/draculadigital.ro\/2024\/regulament\/\",\"url\":\"https:\/\/draculadigital.ro\/2024\/regulament\/\",\"name\":\"Regulament - Dracula Digital - 2024\",\"isPartOf\":{\"@id\":\"https:\/\/draculadigital.ro\/2024\/#website\"},\"datePublished\":\"2024-07-16T17:34:01+00:00\",\"dateModified\":\"2024-10-14T11:33:33+00:00\",\"breadcrumb\":{\"@id\":\"https:\/\/draculadigital.ro\/2024\/regulament\/#breadcrumb\"},\"inLanguage\":\"ro-RO\",\"potentialAction\":[{\"@type\":\"ReadAction\",\"target\":[\"https:\/\/draculadigital.ro\/2024\/regulament\/\"]}]},{\"@type\":\"BreadcrumbList\",\"@id\":\"https:\/\/draculadigital.ro\/2024\/regulament\/#breadcrumb\",\"itemListElement\":[{\"@type\":\"ListItem\",\"position\":1,\"name\":\"Prima pagin\u0103\",\"item\":\"https:\/\/draculadigital.ro\/2024\/\"},{\"@type\":\"ListItem\",\"position\":2,\"name\":\"Regulament\"}]},{\"@type\":\"WebSite\",\"@id\":\"https:\/\/draculadigital.ro\/2024\/#website\",\"url\":\"https:\/\/draculadigital.ro\/2024\/\",\"name\":\"Dracula Digital - 2024\",\"description\":\"Competi\u0163ie de film digital.\",\"publisher\":{\"@id\":\"https:\/\/draculadigital.ro\/2024\/#organization\"},\"potentialAction\":[{\"@type\":\"SearchAction\",\"target\":{\"@type\":\"EntryPoint\",\"urlTemplate\":\"https:\/\/draculadigital.ro\/2024\/?s={search_term_string}\"},\"query-input\":\"required name=search_term_string\"}],\"inLanguage\":\"ro-RO\"},{\"@type\":\"Organization\",\"@id\":\"https:\/\/draculadigital.ro\/2024\/#organization\",\"name\":\"Dracula Digital - 2024\",\"url\":\"https:\/\/draculadigital.ro\/2024\/\",\"logo\":{\"@type\":\"ImageObject\",\"inLanguage\":\"ro-RO\",\"@id\":\"https:\/\/draculadigital.ro\/2024\/#\/schema\/logo\/image\/\",\"url\":\"https:\/\/draculadigital.ro\/2024\/wp-content\/uploads\/2024\/07\/cropped-logo-draculadigital-ro-2020-01.png\",\"contentUrl\":\"https:\/\/draculadigital.ro\/2024\/wp-content\/uploads\/2024\/07\/cropped-logo-draculadigital-ro-2020-01.png\",\"width\":240,\"height\":61,\"caption\":\"Dracula Digital - 2024\"},\"image\":{\"@id\":\"https:\/\/draculadigital.ro\/2024\/#\/schema\/logo\/image\/\"}}]}<\/script>\n<!-- \/ Yoast SEO plugin. -->","yoast_head_json":{"title":"Regulament - Dracula Digital - 2024","robots":{"index":"index","follow":"follow","max-snippet":"max-snippet:-1","max-image-preview":"max-image-preview:large","max-video-preview":"max-video-preview:-1"},"canonical":"https:\/\/draculadigital.ro\/2024\/regulament\/","og_locale":"ro_RO","og_type":"article","og_title":"Regulament - Dracula Digital - 2024","og_description":"[vc_row][vc_column][vc_column_text] 1. ORGANIZATOR \u015eI OBIECTIVE Competi\u021bia Dracula Digital este organizat\u0103 \u00een cadrul evenimentului Dracula Film Festival, Edi\u021bia a XII-a organizat la Bra\u0219ov (sau online dac\u0103 din condi\u021bii care nu depind de organizatori proiec\u021bia filmelor nu poate avea loc \u00een prezen\u021ba publicului) de c\u0103tre Asocia\u021bia Cultural\u0103 FANZIN. Dracula Digital are scopul de a promova educa\u0163ia cinematografic\u0103 &hellip; Continu\u0103 lectura \u201eRegulament\u201d","og_url":"https:\/\/draculadigital.ro\/2024\/regulament\/","og_site_name":"Dracula Digital - 2024","article_modified_time":"2024-10-14T11:33:33+00:00","og_image":[{"width":1200,"height":630,"url":"https:\/\/draculadigital.ro\/2024\/wp-content\/uploads\/2024\/07\/fb-dd2024-01.png","type":"image\/png"}],"twitter_card":"summary_large_image","twitter_misc":{"Timp estimat pentru citire":"6 minute"},"schema":{"@context":"https:\/\/schema.org","@graph":[{"@type":"WebPage","@id":"https:\/\/draculadigital.ro\/2024\/regulament\/","url":"https:\/\/draculadigital.ro\/2024\/regulament\/","name":"Regulament - Dracula Digital - 2024","isPartOf":{"@id":"https:\/\/draculadigital.ro\/2024\/#website"},"datePublished":"2024-07-16T17:34:01+00:00","dateModified":"2024-10-14T11:33:33+00:00","breadcrumb":{"@id":"https:\/\/draculadigital.ro\/2024\/regulament\/#breadcrumb"},"inLanguage":"ro-RO","potentialAction":[{"@type":"ReadAction","target":["https:\/\/draculadigital.ro\/2024\/regulament\/"]}]},{"@type":"BreadcrumbList","@id":"https:\/\/draculadigital.ro\/2024\/regulament\/#breadcrumb","itemListElement":[{"@type":"ListItem","position":1,"name":"Prima pagin\u0103","item":"https:\/\/draculadigital.ro\/2024\/"},{"@type":"ListItem","position":2,"name":"Regulament"}]},{"@type":"WebSite","@id":"https:\/\/draculadigital.ro\/2024\/#website","url":"https:\/\/draculadigital.ro\/2024\/","name":"Dracula Digital - 2024","description":"Competi\u0163ie de film digital.","publisher":{"@id":"https:\/\/draculadigital.ro\/2024\/#organization"},"potentialAction":[{"@type":"SearchAction","target":{"@type":"EntryPoint","urlTemplate":"https:\/\/draculadigital.ro\/2024\/?s={search_term_string}"},"query-input":"required name=search_term_string"}],"inLanguage":"ro-RO"},{"@type":"Organization","@id":"https:\/\/draculadigital.ro\/2024\/#organization","name":"Dracula Digital - 2024","url":"https:\/\/draculadigital.ro\/2024\/","logo":{"@type":"ImageObject","inLanguage":"ro-RO","@id":"https:\/\/draculadigital.ro\/2024\/#\/schema\/logo\/image\/","url":"https:\/\/draculadigital.ro\/2024\/wp-content\/uploads\/2024\/07\/cropped-logo-draculadigital-ro-2020-01.png","contentUrl":"https:\/\/draculadigital.ro\/2024\/wp-content\/uploads\/2024\/07\/cropped-logo-draculadigital-ro-2020-01.png","width":240,"height":61,"caption":"Dracula Digital - 2024"},"image":{"@id":"https:\/\/draculadigital.ro\/2024\/#\/schema\/logo\/image\/"}}]}},"_links":{"self":[{"href":"https:\/\/draculadigital.ro\/2024\/wp-json\/wp\/v2\/pages\/31"}],"collection":[{"href":"https:\/\/draculadigital.ro\/2024\/wp-json\/wp\/v2\/pages"}],"about":[{"href":"https:\/\/draculadigital.ro\/2024\/wp-json\/wp\/v2\/types\/page"}],"author":[{"embeddable":true,"href":"https:\/\/draculadigital.ro\/2024\/wp-json\/wp\/v2\/users\/1446"}],"replies":[{"embeddable":true,"href":"https:\/\/draculadigital.ro\/2024\/wp-json\/wp\/v2\/comments?post=31"}],"version-history":[{"count":9,"href":"https:\/\/draculadigital.ro\/2024\/wp-json\/wp\/v2\/pages\/31\/revisions"}],"predecessor-version":[{"id":18741,"href":"https:\/\/draculadigital.ro\/2024\/wp-json\/wp\/v2\/pages\/31\/revisions\/18741"}],"wp:attachment":[{"href":"https:\/\/draculadigital.ro\/2024\/wp-json\/wp\/v2\/media?parent=31"}],"curies":[{"name":"wp","href":"https:\/\/api.w.org\/{rel}","templated":true}]}}