{"id":35,"date":"2020-07-17T17:14:54","date_gmt":"2020-07-17T14:14:54","guid":{"rendered":"http:\/\/draculadigital.ro\/?page_id=35"},"modified":"2023-08-07T19:05:54","modified_gmt":"2023-08-07T16:05:54","slug":"qa","status":"publish","type":"page","link":"https:\/\/draculadigital.ro\/2023\/qa\/","title":{"rendered":"Q&#038;A"},"content":{"rendered":"<p>[vc_row][vc_column][vc_column_text]<\/p>\n<h3>Etapa I: \u00censcriere \u0219i Selec\u021bie<\/h3>\n<h4><span style=\"color: #ed1c24;\">1.<\/span>CE ESTE DRACULA DIGITAL?<\/h4>\n<p>Dracula Digital este o competi\u021bie inedit\u0103 organizat\u0103 \u00een cadrul evenimentului Dracula Film Festival edi\u021bia a XI-a, de c\u0103tre Asocia\u021bia Cultural\u0103 FANZIN din Bra\u0219ov.<\/p>\n<h4><span style=\"color: #ed1c24;\">2.<\/span>CARE ESTE SCOPUL ACESTEI COMPETI\u021aII?<\/h4>\n<p>Prin Dracula Digital ne propunem s\u0103 promov\u0103m educa\u021bia cinematografic\u0103 \u00een r\u00e2ndul tinerilor, oferindu-le acestora \u0219ansa de a se apropia de lumea filmului \u0219i de a descoperi, pe aceast\u0103 cale, noi talente cinematografice \u00een Rom\u00e2nia.<\/p>\n<h4><span style=\"color: #ed1c24;\">3.<\/span>CUI I SE ADRESEAZ\u0102?<\/h4>\n<p>Dracula Digital se adreseaz\u0103 tuturor persoanelor cu v\u00e2rste cuprinse \u00eentre 16 \u0219i 29 ani, din toat\u0103 \u021bara, pasiona\u021bi de film \u0219i fotografie.<\/p>\n<h4><span style=\"color: #ed1c24;\">4.<\/span>DE CE S\u0102 M\u0102 \u00ceNSCRIU?<\/h4>\n<p>\u00censcrierea la aceast\u0103 competi\u021bie aduce cu sine numeroase beneficii printre care amintim: posibilitatea de a colabora cu speciali\u0219ti din domeniul culturii cinematografice, posibilitatea ca filmul realizat de tine s\u0103 fie difuzat \u00een cadrul festivalului Dracula Film Festival, participarea la workshop-uri despre suspans, scenaristic\u0103, secretele unui smartphone, \u0219i, desigur, s\u0103 nu uit\u0103m de marele premiu de 500 euro pentru echipa c\u00e2\u0219tig\u0103toare.<\/p>\n<h4><span style=\"color: #ed1c24;\">5.<\/span>CARE ESTE PERIOADA DE DESF\u0102\u0218URARE A COMPETI\u021aIEI?<\/h4>\n<p>Competi\u021bia Dracula Digital se va desf\u0103\u0219ura \u00een perioada 1 august \u2013 28 octombrie 2023.<\/p>\n<h4><span style=\"color: #ed1c24;\">6.<\/span>CARE SUNT REGULILE DE \u00ceNSCRIERE \u00ceN COMPETI\u021aIE?<\/h4>\n<p>Trebuie s\u0103 ai \u00eentre 16 \u0219i 29 ani.<\/p>\n<p>Trebuie s\u0103 realizezi un film cu telefonul mobil, care s\u0103 aib\u0103 \u00eentre 1 \u0219i 3 minute. Acest film trebuie postat pe www.youtube.com, sau pe www.vimeo.com, iar link-ul trebuie \u00eenc\u0103rcat pe draculadigital.ro.<\/p>\n<p>Mai multe informa\u021bii g\u0103se\u0219ti aici: draculadigital.ro\/concurs\/<\/p>\n<h4><span style=\"color: #ed1c24;\">7.<\/span>C\u00c2ND SE POT FACE \u00ceNSCRIERILE \u00ceN COMPETI\u021aIE?<\/h4>\n<p>\u00censcrierile \u00een competi\u021bie se fac \u00een perioada 1 august \u2013 15 septembrie 2023 pe site-ul draculadigital.ro.<\/p>\n<h4><span style=\"color: #ed1c24;\">8.<\/span>CUM SE VOR ALEGE ECHIPELE C\u00c2\u0218TIG\u0102TOARE?<\/h4>\n<p>Un juriu de specialitate va selecta 5 filme care intr\u0103 \u00een final\u0103 + 1 film ales prin votul publicului.<\/p>\n<p>Filmul care la data de 30 septembrie 2023 ora 23:59, \u00eenregistreaz\u0103 cele mai multe voturi din partea publicului intr\u0103 automat \u00een final\u0103. Echipa c\u00e2\u0219tig\u0103toare se va alege prin vot iar votarea se va face exclusiv pe pagina draculadigital.ro.<\/p>\n<h4><span style=\"color: #ed1c24;\">9.<\/span>C\u00c2ND SE VOR VOTA FILMELE \u00ceNSCRISE \u00ceN COMPETI\u021aIE?<\/h4>\n<p>Perioada de vot este 16 &#8211; 30 septembrie 2023.<\/p>\n<h4><span style=\"color: #ed1c24;\">10.<\/span>EXIST\u0102 TAXE DE \u00ceNSCRIERE \u00ceN COMPETI\u021aIE?<\/h4>\n<p>Nu exist\u0103 taxe de \u00eenscriere \u00een competi\u021bia Dracula Digital iar festivalul nu pl\u0103te\u0219te drepturi de proiec\u021bie pentru filmele \u00eenscrise.<\/p>\n<h4><span style=\"color: #ed1c24;\">11.<\/span>C\u00c2\u021aI C\u00c2\u0218TIG\u0102TORI VOR FI ALE\u0218I PENTRU A MERGE \u00ceN ETAPA URM\u0102TOARE?<\/h4>\n<p>Un juriu de specialitate va selecta 5 filme care intr\u0103 \u00een final\u0103. De asemenea, filmul care la data de 30 septembrie 2023, ora 23:59, \u00eenregistreaz\u0103 cele mai multe voturi din partea publicului intr\u0103 automat \u00een final\u0103.<\/p>\n<h4><span style=\"color: #ed1c24;\">12.<\/span>CUM SE VA DESF\u0102\u0218URA COMPETI\u021aIA CEA DE-A DOUA ETAP\u0102 A COMPETITIEI?<\/h4>\n<p>Pe durata Dracula Film Festival (25 \u2013 28 octombrie 2023) cele 6 echipe selectate vor realiza c\u00e2te un film horror, SF, supranatural, thriller sau fantastic. Filmul va fi filmat cu telefoul mobil cu o tem\u0103 aleas\u0103 de juriu (utiliz\u00e2nt 3 cuvinte cheie alese de juriu, \u0219i care vor fi communicate echipelor finaliste \u00een data de 25 octombrie 2023) \u0219i va avea 3 minute.<\/p>\n<p>Cele 6 echipe vor filma \u00een ora\u0219ul de domiciliul \u0219i filme vor fi proiectate exclusiv online pe www.draculadigital.ro. C\u00e2\u0219tig\u0103torul va fi ales prin votul juriului.<\/p>\n<h4><span style=\"color: #ed1c24;\">13.<\/span>CE ALTE BENEFICII VOR AVEA PARTICIPAN\u021aII?<\/h4>\n<p>Filmele celor 6 echipe vor fi proiectate \u00een cadrul festivalului.<\/p>\n<p>Participarea la dou\u0103 workshop-uri despre smartphone, creare de suspans, montaj \u0219i scenaristic\u0103.<\/p>\n<p>Marele premiu de 500 euro \u00a0pentru echipa c\u00e2\u0219tig\u0103toare.<\/p>\n<p>Pentru mai multe informa\u021bii \u0219i detalii suplimentare despre competi\u021bia Dracula Digital accesa\u021bi draculadigital.ro\/concurs\/.[\/vc_column_text][\/vc_column][\/vc_row]<\/p>\n","protected":false},"excerpt":{"rendered":"<p>[vc_row][vc_column][vc_column_text] Etapa I: \u00censcriere \u0219i Selec\u021bie 1.CE ESTE DRACULA DIGITAL? Dracula Digital este o competi\u021bie inedit\u0103 organizat\u0103 \u00een cadrul evenimentului Dracula Film Festival edi\u021bia a XI-a, de c\u0103tre Asocia\u021bia Cultural\u0103 FANZIN din Bra\u0219ov. 2.CARE ESTE SCOPUL ACESTEI COMPETI\u021aII? Prin Dracula Digital ne propunem s\u0103 promov\u0103m educa\u021bia cinematografic\u0103 \u00een r\u00e2ndul tinerilor, oferindu-le acestora \u0219ansa de a &hellip; <a href=\"https:\/\/draculadigital.ro\/2023\/qa\/\" class=\"more-link\">Continu\u0103 lectura<span class=\"screen-reader-text\"> \u201eQ&#038;A\u201d<\/span><\/a><\/p>\n","protected":false},"author":1437,"featured_media":0,"parent":0,"menu_order":0,"comment_status":"closed","ping_status":"closed","template":"","meta":{"footnotes":""},"yoast_head":"<!-- This site is optimized with the Yoast SEO plugin v20.4 - https:\/\/yoast.com\/wordpress\/plugins\/seo\/ -->\n<title>Q&amp;A - Dracula Digital - 2023<\/title>\n<meta name=\"robots\" content=\"index, follow, max-snippet:-1, max-image-preview:large, max-video-preview:-1\" \/>\n<link rel=\"canonical\" href=\"https:\/\/draculadigital.ro\/2023\/qa\/\" \/>\n<meta property=\"og:locale\" content=\"ro_RO\" \/>\n<meta property=\"og:type\" content=\"article\" \/>\n<meta property=\"og:title\" content=\"Q&amp;A - Dracula Digital - 2023\" \/>\n<meta property=\"og:description\" content=\"[vc_row][vc_column][vc_column_text] Etapa I: \u00censcriere \u0219i Selec\u021bie 1.CE ESTE DRACULA DIGITAL? Dracula Digital este o competi\u021bie inedit\u0103 organizat\u0103 \u00een cadrul evenimentului Dracula Film Festival edi\u021bia a XI-a, de c\u0103tre Asocia\u021bia Cultural\u0103 FANZIN din Bra\u0219ov. 2.CARE ESTE SCOPUL ACESTEI COMPETI\u021aII? Prin Dracula Digital ne propunem s\u0103 promov\u0103m educa\u021bia cinematografic\u0103 \u00een r\u00e2ndul tinerilor, oferindu-le acestora \u0219ansa de a &hellip; Continu\u0103 lectura \u201eQ&#038;A\u201d\" \/>\n<meta property=\"og:url\" content=\"https:\/\/draculadigital.ro\/2023\/qa\/\" \/>\n<meta property=\"og:site_name\" content=\"Dracula Digital - 2023\" \/>\n<meta property=\"article:modified_time\" content=\"2023-08-07T16:05:54+00:00\" \/>\n<meta property=\"og:image\" content=\"https:\/\/draculadigital.ro\/2023\/wp-content\/uploads\/2023\/08\/fb-dd2023-02.png\" \/>\n\t<meta property=\"og:image:width\" content=\"1200\" \/>\n\t<meta property=\"og:image:height\" content=\"630\" \/>\n\t<meta property=\"og:image:type\" content=\"image\/png\" \/>\n<meta name=\"twitter:card\" content=\"summary_large_image\" \/>\n<meta name=\"twitter:label1\" content=\"Timp estimat pentru citire\" \/>\n\t<meta name=\"twitter:data1\" content=\"4 minute\" \/>\n<script type=\"application\/ld+json\" class=\"yoast-schema-graph\">{\"@context\":\"https:\/\/schema.org\",\"@graph\":[{\"@type\":\"WebPage\",\"@id\":\"https:\/\/draculadigital.ro\/2023\/qa\/\",\"url\":\"https:\/\/draculadigital.ro\/2023\/qa\/\",\"name\":\"Q&A - Dracula Digital - 2023\",\"isPartOf\":{\"@id\":\"https:\/\/draculadigital.ro\/2023\/#website\"},\"datePublished\":\"2020-07-17T14:14:54+00:00\",\"dateModified\":\"2023-08-07T16:05:54+00:00\",\"breadcrumb\":{\"@id\":\"https:\/\/draculadigital.ro\/2023\/qa\/#breadcrumb\"},\"inLanguage\":\"ro-RO\",\"potentialAction\":[{\"@type\":\"ReadAction\",\"target\":[\"https:\/\/draculadigital.ro\/2023\/qa\/\"]}]},{\"@type\":\"BreadcrumbList\",\"@id\":\"https:\/\/draculadigital.ro\/2023\/qa\/#breadcrumb\",\"itemListElement\":[{\"@type\":\"ListItem\",\"position\":1,\"name\":\"Prima pagin\u0103\",\"item\":\"https:\/\/draculadigital.ro\/2023\/\"},{\"@type\":\"ListItem\",\"position\":2,\"name\":\"Q&#038;A\"}]},{\"@type\":\"WebSite\",\"@id\":\"https:\/\/draculadigital.ro\/2023\/#website\",\"url\":\"https:\/\/draculadigital.ro\/2023\/\",\"name\":\"Dracula Digital - 2023\",\"description\":\"Competi\u0163ie de film digital.\",\"publisher\":{\"@id\":\"https:\/\/draculadigital.ro\/2023\/#organization\"},\"potentialAction\":[{\"@type\":\"SearchAction\",\"target\":{\"@type\":\"EntryPoint\",\"urlTemplate\":\"https:\/\/draculadigital.ro\/2023\/?s={search_term_string}\"},\"query-input\":\"required name=search_term_string\"}],\"inLanguage\":\"ro-RO\"},{\"@type\":\"Organization\",\"@id\":\"https:\/\/draculadigital.ro\/2023\/#organization\",\"name\":\"Dracula Digital - 2023\",\"url\":\"https:\/\/draculadigital.ro\/2023\/\",\"logo\":{\"@type\":\"ImageObject\",\"inLanguage\":\"ro-RO\",\"@id\":\"https:\/\/draculadigital.ro\/2023\/#\/schema\/logo\/image\/\",\"url\":\"https:\/\/draculadigital.ro\/2023\/wp-content\/uploads\/2020\/07\/cropped-logo-draculadigital-ro-2020-01.png\",\"contentUrl\":\"https:\/\/draculadigital.ro\/2023\/wp-content\/uploads\/2020\/07\/cropped-logo-draculadigital-ro-2020-01.png\",\"width\":240,\"height\":61,\"caption\":\"Dracula Digital - 2023\"},\"image\":{\"@id\":\"https:\/\/draculadigital.ro\/2023\/#\/schema\/logo\/image\/\"}}]}<\/script>\n<!-- \/ Yoast SEO plugin. -->","yoast_head_json":{"title":"Q&A - Dracula Digital - 2023","robots":{"index":"index","follow":"follow","max-snippet":"max-snippet:-1","max-image-preview":"max-image-preview:large","max-video-preview":"max-video-preview:-1"},"canonical":"https:\/\/draculadigital.ro\/2023\/qa\/","og_locale":"ro_RO","og_type":"article","og_title":"Q&A - Dracula Digital - 2023","og_description":"[vc_row][vc_column][vc_column_text] Etapa I: \u00censcriere \u0219i Selec\u021bie 1.CE ESTE DRACULA DIGITAL? Dracula Digital este o competi\u021bie inedit\u0103 organizat\u0103 \u00een cadrul evenimentului Dracula Film Festival edi\u021bia a XI-a, de c\u0103tre Asocia\u021bia Cultural\u0103 FANZIN din Bra\u0219ov. 2.CARE ESTE SCOPUL ACESTEI COMPETI\u021aII? Prin Dracula Digital ne propunem s\u0103 promov\u0103m educa\u021bia cinematografic\u0103 \u00een r\u00e2ndul tinerilor, oferindu-le acestora \u0219ansa de a &hellip; Continu\u0103 lectura \u201eQ&#038;A\u201d","og_url":"https:\/\/draculadigital.ro\/2023\/qa\/","og_site_name":"Dracula Digital - 2023","article_modified_time":"2023-08-07T16:05:54+00:00","og_image":[{"width":1200,"height":630,"url":"https:\/\/draculadigital.ro\/2023\/wp-content\/uploads\/2023\/08\/fb-dd2023-02.png","type":"image\/png"}],"twitter_card":"summary_large_image","twitter_misc":{"Timp estimat pentru citire":"4 minute"},"schema":{"@context":"https:\/\/schema.org","@graph":[{"@type":"WebPage","@id":"https:\/\/draculadigital.ro\/2023\/qa\/","url":"https:\/\/draculadigital.ro\/2023\/qa\/","name":"Q&A - Dracula Digital - 2023","isPartOf":{"@id":"https:\/\/draculadigital.ro\/2023\/#website"},"datePublished":"2020-07-17T14:14:54+00:00","dateModified":"2023-08-07T16:05:54+00:00","breadcrumb":{"@id":"https:\/\/draculadigital.ro\/2023\/qa\/#breadcrumb"},"inLanguage":"ro-RO","potentialAction":[{"@type":"ReadAction","target":["https:\/\/draculadigital.ro\/2023\/qa\/"]}]},{"@type":"BreadcrumbList","@id":"https:\/\/draculadigital.ro\/2023\/qa\/#breadcrumb","itemListElement":[{"@type":"ListItem","position":1,"name":"Prima pagin\u0103","item":"https:\/\/draculadigital.ro\/2023\/"},{"@type":"ListItem","position":2,"name":"Q&#038;A"}]},{"@type":"WebSite","@id":"https:\/\/draculadigital.ro\/2023\/#website","url":"https:\/\/draculadigital.ro\/2023\/","name":"Dracula Digital - 2023","description":"Competi\u0163ie de film digital.","publisher":{"@id":"https:\/\/draculadigital.ro\/2023\/#organization"},"potentialAction":[{"@type":"SearchAction","target":{"@type":"EntryPoint","urlTemplate":"https:\/\/draculadigital.ro\/2023\/?s={search_term_string}"},"query-input":"required name=search_term_string"}],"inLanguage":"ro-RO"},{"@type":"Organization","@id":"https:\/\/draculadigital.ro\/2023\/#organization","name":"Dracula Digital - 2023","url":"https:\/\/draculadigital.ro\/2023\/","logo":{"@type":"ImageObject","inLanguage":"ro-RO","@id":"https:\/\/draculadigital.ro\/2023\/#\/schema\/logo\/image\/","url":"https:\/\/draculadigital.ro\/2023\/wp-content\/uploads\/2020\/07\/cropped-logo-draculadigital-ro-2020-01.png","contentUrl":"https:\/\/draculadigital.ro\/2023\/wp-content\/uploads\/2020\/07\/cropped-logo-draculadigital-ro-2020-01.png","width":240,"height":61,"caption":"Dracula Digital - 2023"},"image":{"@id":"https:\/\/draculadigital.ro\/2023\/#\/schema\/logo\/image\/"}}]}},"_links":{"self":[{"href":"https:\/\/draculadigital.ro\/2023\/wp-json\/wp\/v2\/pages\/35"}],"collection":[{"href":"https:\/\/draculadigital.ro\/2023\/wp-json\/wp\/v2\/pages"}],"about":[{"href":"https:\/\/draculadigital.ro\/2023\/wp-json\/wp\/v2\/types\/page"}],"author":[{"embeddable":true,"href":"https:\/\/draculadigital.ro\/2023\/wp-json\/wp\/v2\/users\/1437"}],"replies":[{"embeddable":true,"href":"https:\/\/draculadigital.ro\/2023\/wp-json\/wp\/v2\/comments?post=35"}],"version-history":[{"count":11,"href":"https:\/\/draculadigital.ro\/2023\/wp-json\/wp\/v2\/pages\/35\/revisions"}],"predecessor-version":[{"id":12686,"href":"https:\/\/draculadigital.ro\/2023\/wp-json\/wp\/v2\/pages\/35\/revisions\/12686"}],"wp:attachment":[{"href":"https:\/\/draculadigital.ro\/2023\/wp-json\/wp\/v2\/media?parent=35"}],"curies":[{"name":"wp","href":"https:\/\/api.w.org\/{rel}","templated":true}]}}