{"id":33,"date":"2020-07-17T17:14:31","date_gmt":"2020-07-17T14:14:31","guid":{"rendered":"http:\/\/draculadigital.ro\/?page_id=33"},"modified":"2023-08-07T16:44:38","modified_gmt":"2023-08-07T13:44:38","slug":"dracula-film-festival","status":"publish","type":"page","link":"https:\/\/draculadigital.ro\/2022\/dracula-film-festival\/","title":{"rendered":"Dracula Film Festival"},"content":{"rendered":"<p>[vc_row][vc_column]<div class=\" ubtn-ctn-center \"><a class=\"ubtn-link ult-adjust-bottom-margin ubtn-center ubtn-block \" href=\"https:\/\/draculadigital.ro\/\" title=\"Dracula Digital 2021\" ><button type=\"button\" id=\"ubtn-6391\"  class=\"ubtn ult-adjust-bottom-margin ult-responsive ubtn-block ubtn-no-hover-bg  none  ubtn-sep-icon ubtn-sep-icon-at-left  ubtn-center   tooltip-69d522e326338 ubtn-block\"  data-hover=\"#e5e5e5\" data-border-color=\"#e61b23\" data-bg=\"#e61b23\" data-hover-bg=\"#000000\" data-border-hover=\"#e5e5e5\" data-shadow-hover=\"\" data-shadow-click=\"none\" data-shadow=\"\" data-shd-shadow=\"\"  data-ultimate-target='#ubtn-6391'  data-responsive-json-new='{\"font-size\":\"desktop:24px;\",\"line-height\":\"\"}'  style=\"font-weight:normal;border-radius:0px;border-width:2px;border-color:#e61b23;border-style:solid;background: #e61b23;color: #e5e5e5;\"><span class=\"ubtn-data ubtn-icon\"><i class=\"Defaults-angle-left\" style=\"font-size:32px;color:#e5e5e5;\"><\/i><\/span><span class=\"ubtn-hover\" style=\"background-color:#000000\"><\/span><span class=\"ubtn-data ubtn-text \" >\u00ceNAPOI LA DRACULA DIGITAL 2023<\/span><\/button><\/a><\/div>[\/vc_column][\/vc_row][vc_row][vc_column][vc_video link=&#8221;https:\/\/youtu.be\/hZx8Oyd2aj4&#8243; align=&#8221;center&#8221;][\/vc_column][\/vc_row][vc_row][vc_column][vc_column_text]<strong>Dracula Film Festival<\/strong>\u00a0este un festival competi\u021bional \u2013 \u00een cadrul c\u0103ruia vor fi proiectate filme\u00a0<strong>horror<\/strong>,\u00a0<strong>SF<\/strong>,\u00a0<strong>supranaturale<\/strong>,\u00a0<strong>thriller<\/strong>\u00a0sau\u00a0<strong>fantasy<\/strong>\u00a0\u2013 \u0219i are 2 sec\u021biuni: competi\u021bie lungmetraj interna\u021bional \u0219i competi\u021bie scurtmetraj.<\/p>\n<p>\u00cencep\u00e2nd cu edi\u021bia a IV-a (2016) <strong>Dracula Film Festival<\/strong> a mai adaugat o sec\u021biune, numit\u0103 <strong><a href=\"http:\/\/draculadigital.ro\" target=\"_blank\" rel=\"noopener noreferrer\">Dracula Digital<\/a><\/strong>, care are scopul de a promova educa\u0163ia cinematografic\u0103 \u00een r\u00e2ndul adolescen\u0163ilor, de a le oferi tinerilor din toat\u0103 \u0163ara \u0219ansa de a se apropia de lumea filmului, \u015fi de a descoperi \u015fi cultiva noi talente \u00een cinematografia din Rom\u00e2nia. Acest atelier se adreseaz\u0103 adolescen\u0163ilor cu v\u00e2rste cuprinse \u00eentre 16 \u015fi 29 ani, din toat\u0103 \u0163ara, pasiona\u0163i de film \u0219i fotografie.[\/vc_column_text][\/vc_column][\/vc_row][vc_row][vc_column]<span id=\"creative-link-wrap-6696\" class=\"ult_main_cl ult-adjust-bottom-margin  \" >\r\n\t \t\t\t<span class=\"ult_cl_link_1  ult_crlink\" >\r\n\t\t\t\t\t<a  data-ultimate-target='#creative-link-wrap-6696 .ult_colorlink'  data-responsive-json-new='{\"font-size\":\"desktop:22px;\",\"line-height\":\"\"}'  href=\"http:\/\/draculadigital.ro\/concurs\/\"  class=\"ult_colorlink ult-responsive \" style=\"float:left;font-family:Roboto Mono;font-weight:500;color:#e5e5e5; \"  data-textcolor=\"#e5e5e5\" data-texthover=\"#ec1c24\"data-style=\"Style_1\">\r\n\t\t\t\t\t\t\r\n\t\t\t\t\t\t<span data-hover=\"Concurs Dracula Digital\" style=\"color:#e5e5e5;;;\" class=\"ult_btn10_span   \">Concurs Dracula Digital<\/span>\r\n\t\t\t\t\t\t\r\n\t\t\t\t\t<\/a>\r\n\t\t\t\t<\/span>\r\n\t\t\t<\/span>[\/vc_column][\/vc_row]<\/p>\n","protected":false},"excerpt":{"rendered":"<p>[vc_row][vc_column][\/vc_column][\/vc_row][vc_row][vc_column][vc_video link=&#8221;https:\/\/youtu.be\/hZx8Oyd2aj4&#8243; align=&#8221;center&#8221;][\/vc_column][\/vc_row][vc_row][vc_column][vc_column_text]Dracula Film Festival\u00a0este un festival competi\u021bional \u2013 \u00een cadrul c\u0103ruia vor fi proiectate filme\u00a0horror,\u00a0SF,\u00a0supranaturale,\u00a0thriller\u00a0sau\u00a0fantasy\u00a0\u2013 \u0219i are 2 sec\u021biuni: competi\u021bie lungmetraj interna\u021bional \u0219i competi\u021bie scurtmetraj. \u00cencep\u00e2nd cu edi\u021bia a IV-a (2016) Dracula Film Festival a mai adaugat o sec\u021biune, numit\u0103 Dracula Digital, care are scopul de a promova educa\u0163ia cinematografic\u0103 \u00een r\u00e2ndul adolescen\u0163ilor, de &hellip; <a href=\"https:\/\/draculadigital.ro\/2022\/dracula-film-festival\/\" class=\"more-link\">Continu\u0103 lectura<span class=\"screen-reader-text\"> \u201eDracula Film Festival\u201d<\/span><\/a><\/p>\n","protected":false},"author":1437,"featured_media":0,"parent":0,"menu_order":0,"comment_status":"closed","ping_status":"closed","template":"","meta":{"footnotes":""},"yoast_head":"<!-- This site is optimized with the Yoast SEO plugin v20.4 - https:\/\/yoast.com\/wordpress\/plugins\/seo\/ -->\n<title>Dracula Film Festival - Dracula Digital - 2022<\/title>\n<meta name=\"robots\" content=\"index, follow, max-snippet:-1, max-image-preview:large, max-video-preview:-1\" \/>\n<link rel=\"canonical\" href=\"https:\/\/draculadigital.ro\/2022\/dracula-film-festival\/\" \/>\n<meta property=\"og:locale\" content=\"ro_RO\" \/>\n<meta property=\"og:type\" content=\"article\" \/>\n<meta property=\"og:title\" content=\"Dracula Film Festival - Dracula Digital - 2022\" \/>\n<meta property=\"og:description\" content=\"[vc_row][vc_column][\/vc_column][\/vc_row][vc_row][vc_column][vc_video link=&#8221;https:\/\/youtu.be\/hZx8Oyd2aj4&#8243; align=&#8221;center&#8221;][\/vc_column][\/vc_row][vc_row][vc_column][vc_column_text]Dracula Film Festival\u00a0este un festival competi\u021bional \u2013 \u00een cadrul c\u0103ruia vor fi proiectate filme\u00a0horror,\u00a0SF,\u00a0supranaturale,\u00a0thriller\u00a0sau\u00a0fantasy\u00a0\u2013 \u0219i are 2 sec\u021biuni: competi\u021bie lungmetraj interna\u021bional \u0219i competi\u021bie scurtmetraj. \u00cencep\u00e2nd cu edi\u021bia a IV-a (2016) Dracula Film Festival a mai adaugat o sec\u021biune, numit\u0103 Dracula Digital, care are scopul de a promova educa\u0163ia cinematografic\u0103 \u00een r\u00e2ndul adolescen\u0163ilor, de &hellip; Continu\u0103 lectura \u201eDracula Film Festival\u201d\" \/>\n<meta property=\"og:url\" content=\"https:\/\/draculadigital.ro\/2022\/dracula-film-festival\/\" \/>\n<meta property=\"og:site_name\" content=\"Dracula Digital - 2022\" \/>\n<meta property=\"article:modified_time\" content=\"2023-08-07T13:44:38+00:00\" \/>\n<meta property=\"og:image\" content=\"https:\/\/draculadigital.ro\/2022\/wp-content\/uploads\/2022\/07\/fb-dd2022-01.png\" \/>\n\t<meta property=\"og:image:width\" content=\"1200\" \/>\n\t<meta property=\"og:image:height\" content=\"630\" \/>\n\t<meta property=\"og:image:type\" content=\"image\/png\" \/>\n<meta name=\"twitter:card\" content=\"summary_large_image\" \/>\n<meta name=\"twitter:label1\" content=\"Timp estimat pentru citire\" \/>\n\t<meta name=\"twitter:data1\" content=\"1 minut\" \/>\n<script type=\"application\/ld+json\" class=\"yoast-schema-graph\">{\"@context\":\"https:\/\/schema.org\",\"@graph\":[{\"@type\":\"WebPage\",\"@id\":\"https:\/\/draculadigital.ro\/2022\/dracula-film-festival\/\",\"url\":\"https:\/\/draculadigital.ro\/2022\/dracula-film-festival\/\",\"name\":\"Dracula Film Festival - Dracula Digital - 2022\",\"isPartOf\":{\"@id\":\"https:\/\/draculadigital.ro\/2022\/#website\"},\"datePublished\":\"2020-07-17T14:14:31+00:00\",\"dateModified\":\"2023-08-07T13:44:38+00:00\",\"breadcrumb\":{\"@id\":\"https:\/\/draculadigital.ro\/2022\/dracula-film-festival\/#breadcrumb\"},\"inLanguage\":\"ro-RO\",\"potentialAction\":[{\"@type\":\"ReadAction\",\"target\":[\"https:\/\/draculadigital.ro\/2022\/dracula-film-festival\/\"]}]},{\"@type\":\"BreadcrumbList\",\"@id\":\"https:\/\/draculadigital.ro\/2022\/dracula-film-festival\/#breadcrumb\",\"itemListElement\":[{\"@type\":\"ListItem\",\"position\":1,\"name\":\"Prima pagin\u0103\",\"item\":\"https:\/\/draculadigital.ro\/2022\/\"},{\"@type\":\"ListItem\",\"position\":2,\"name\":\"Dracula Film Festival\"}]},{\"@type\":\"WebSite\",\"@id\":\"https:\/\/draculadigital.ro\/2022\/#website\",\"url\":\"https:\/\/draculadigital.ro\/2022\/\",\"name\":\"Dracula Digital - 2022\",\"description\":\"Competi\u0163ie de film digital.\",\"publisher\":{\"@id\":\"https:\/\/draculadigital.ro\/2022\/#organization\"},\"potentialAction\":[{\"@type\":\"SearchAction\",\"target\":{\"@type\":\"EntryPoint\",\"urlTemplate\":\"https:\/\/draculadigital.ro\/2022\/?s={search_term_string}\"},\"query-input\":\"required name=search_term_string\"}],\"inLanguage\":\"ro-RO\"},{\"@type\":\"Organization\",\"@id\":\"https:\/\/draculadigital.ro\/2022\/#organization\",\"name\":\"Dracula Digital - 2022\",\"url\":\"https:\/\/draculadigital.ro\/2022\/\",\"logo\":{\"@type\":\"ImageObject\",\"inLanguage\":\"ro-RO\",\"@id\":\"https:\/\/draculadigital.ro\/2022\/#\/schema\/logo\/image\/\",\"url\":\"https:\/\/draculadigital.ro\/2022\/wp-content\/uploads\/2020\/07\/cropped-logo-draculadigital-ro-2020-01.png\",\"contentUrl\":\"https:\/\/draculadigital.ro\/2022\/wp-content\/uploads\/2020\/07\/cropped-logo-draculadigital-ro-2020-01.png\",\"width\":240,\"height\":61,\"caption\":\"Dracula Digital - 2022\"},\"image\":{\"@id\":\"https:\/\/draculadigital.ro\/2022\/#\/schema\/logo\/image\/\"}}]}<\/script>\n<!-- \/ Yoast SEO plugin. -->","yoast_head_json":{"title":"Dracula Film Festival - Dracula Digital - 2022","robots":{"index":"index","follow":"follow","max-snippet":"max-snippet:-1","max-image-preview":"max-image-preview:large","max-video-preview":"max-video-preview:-1"},"canonical":"https:\/\/draculadigital.ro\/2022\/dracula-film-festival\/","og_locale":"ro_RO","og_type":"article","og_title":"Dracula Film Festival - Dracula Digital - 2022","og_description":"[vc_row][vc_column][\/vc_column][\/vc_row][vc_row][vc_column][vc_video link=&#8221;https:\/\/youtu.be\/hZx8Oyd2aj4&#8243; align=&#8221;center&#8221;][\/vc_column][\/vc_row][vc_row][vc_column][vc_column_text]Dracula Film Festival\u00a0este un festival competi\u021bional \u2013 \u00een cadrul c\u0103ruia vor fi proiectate filme\u00a0horror,\u00a0SF,\u00a0supranaturale,\u00a0thriller\u00a0sau\u00a0fantasy\u00a0\u2013 \u0219i are 2 sec\u021biuni: competi\u021bie lungmetraj interna\u021bional \u0219i competi\u021bie scurtmetraj. \u00cencep\u00e2nd cu edi\u021bia a IV-a (2016) Dracula Film Festival a mai adaugat o sec\u021biune, numit\u0103 Dracula Digital, care are scopul de a promova educa\u0163ia cinematografic\u0103 \u00een r\u00e2ndul adolescen\u0163ilor, de &hellip; Continu\u0103 lectura \u201eDracula Film Festival\u201d","og_url":"https:\/\/draculadigital.ro\/2022\/dracula-film-festival\/","og_site_name":"Dracula Digital - 2022","article_modified_time":"2023-08-07T13:44:38+00:00","og_image":[{"width":1200,"height":630,"url":"https:\/\/draculadigital.ro\/2022\/wp-content\/uploads\/2022\/07\/fb-dd2022-01.png","type":"image\/png"}],"twitter_card":"summary_large_image","twitter_misc":{"Timp estimat pentru citire":"1 minut"},"schema":{"@context":"https:\/\/schema.org","@graph":[{"@type":"WebPage","@id":"https:\/\/draculadigital.ro\/2022\/dracula-film-festival\/","url":"https:\/\/draculadigital.ro\/2022\/dracula-film-festival\/","name":"Dracula Film Festival - Dracula Digital - 2022","isPartOf":{"@id":"https:\/\/draculadigital.ro\/2022\/#website"},"datePublished":"2020-07-17T14:14:31+00:00","dateModified":"2023-08-07T13:44:38+00:00","breadcrumb":{"@id":"https:\/\/draculadigital.ro\/2022\/dracula-film-festival\/#breadcrumb"},"inLanguage":"ro-RO","potentialAction":[{"@type":"ReadAction","target":["https:\/\/draculadigital.ro\/2022\/dracula-film-festival\/"]}]},{"@type":"BreadcrumbList","@id":"https:\/\/draculadigital.ro\/2022\/dracula-film-festival\/#breadcrumb","itemListElement":[{"@type":"ListItem","position":1,"name":"Prima pagin\u0103","item":"https:\/\/draculadigital.ro\/2022\/"},{"@type":"ListItem","position":2,"name":"Dracula Film Festival"}]},{"@type":"WebSite","@id":"https:\/\/draculadigital.ro\/2022\/#website","url":"https:\/\/draculadigital.ro\/2022\/","name":"Dracula Digital - 2022","description":"Competi\u0163ie de film digital.","publisher":{"@id":"https:\/\/draculadigital.ro\/2022\/#organization"},"potentialAction":[{"@type":"SearchAction","target":{"@type":"EntryPoint","urlTemplate":"https:\/\/draculadigital.ro\/2022\/?s={search_term_string}"},"query-input":"required name=search_term_string"}],"inLanguage":"ro-RO"},{"@type":"Organization","@id":"https:\/\/draculadigital.ro\/2022\/#organization","name":"Dracula Digital - 2022","url":"https:\/\/draculadigital.ro\/2022\/","logo":{"@type":"ImageObject","inLanguage":"ro-RO","@id":"https:\/\/draculadigital.ro\/2022\/#\/schema\/logo\/image\/","url":"https:\/\/draculadigital.ro\/2022\/wp-content\/uploads\/2020\/07\/cropped-logo-draculadigital-ro-2020-01.png","contentUrl":"https:\/\/draculadigital.ro\/2022\/wp-content\/uploads\/2020\/07\/cropped-logo-draculadigital-ro-2020-01.png","width":240,"height":61,"caption":"Dracula Digital - 2022"},"image":{"@id":"https:\/\/draculadigital.ro\/2022\/#\/schema\/logo\/image\/"}}]}},"_links":{"self":[{"href":"https:\/\/draculadigital.ro\/2022\/wp-json\/wp\/v2\/pages\/33"}],"collection":[{"href":"https:\/\/draculadigital.ro\/2022\/wp-json\/wp\/v2\/pages"}],"about":[{"href":"https:\/\/draculadigital.ro\/2022\/wp-json\/wp\/v2\/types\/page"}],"author":[{"embeddable":true,"href":"https:\/\/draculadigital.ro\/2022\/wp-json\/wp\/v2\/users\/1437"}],"replies":[{"embeddable":true,"href":"https:\/\/draculadigital.ro\/2022\/wp-json\/wp\/v2\/comments?post=33"}],"version-history":[{"count":5,"href":"https:\/\/draculadigital.ro\/2022\/wp-json\/wp\/v2\/pages\/33\/revisions"}],"predecessor-version":[{"id":12687,"href":"https:\/\/draculadigital.ro\/2022\/wp-json\/wp\/v2\/pages\/33\/revisions\/12687"}],"wp:attachment":[{"href":"https:\/\/draculadigital.ro\/2022\/wp-json\/wp\/v2\/media?parent=33"}],"curies":[{"name":"wp","href":"https:\/\/api.w.org\/{rel}","templated":true}]}}