{"id":4636,"date":"2020-10-20T11:12:58","date_gmt":"2020-10-20T08:12:58","guid":{"rendered":"http:\/\/draculadigital.ro\/?page_id=4636"},"modified":"2023-08-07T16:32:07","modified_gmt":"2023-08-07T13:32:07","slug":"workshop","status":"publish","type":"page","link":"https:\/\/draculadigital.ro\/2020\/workshop\/","title":{"rendered":"Workshop"},"content":{"rendered":"<p>[vc_row][vc_column]<div class=\" ubtn-ctn-center \"><a class=\"ubtn-link ult-adjust-bottom-margin ubtn-center ubtn-block \" href=\"https:\/\/draculadigital.ro\/\" title=\"Dracula Digital 2021\" ><button type=\"button\" id=\"ubtn-7441\"  class=\"ubtn ult-adjust-bottom-margin ult-responsive ubtn-block ubtn-no-hover-bg  none  ubtn-sep-icon ubtn-sep-icon-at-left  ubtn-center   tooltip-69def643e8fcf ubtn-block\"  data-hover=\"#e5e5e5\" data-border-color=\"#e61b23\" data-bg=\"#e61b23\" data-hover-bg=\"#000000\" data-border-hover=\"#e5e5e5\" data-shadow-hover=\"\" data-shadow-click=\"none\" data-shadow=\"\" data-shd-shadow=\"\"  data-ultimate-target='#ubtn-7441'  data-responsive-json-new='{\"font-size\":\"desktop:24px;\",\"line-height\":\"\"}'  style=\"font-weight:normal;border-radius:0px;border-width:2px;border-color:#e61b23;border-style:solid;background: #e61b23;color: #e5e5e5;\"><span class=\"ubtn-data ubtn-icon\"><i class=\"Defaults-angle-left\" style=\"font-size:32px;color:#e5e5e5;\"><\/i><\/span><span class=\"ubtn-hover\" style=\"background-color:#000000\"><\/span><span class=\"ubtn-data ubtn-text \" >\u00ceNAPOI LA DRACULA DIGITAL 2023<\/span><\/button><\/a><\/div>[\/vc_column][\/vc_row][vc_row][vc_column]<div id=\"ultimate-heading-218969def643e90f2\" class=\"uvc-heading ult-adjust-bottom-margin ultimate-heading-218969def643e90f2 uvc-516 \" data-hspacer=\"line_only\"  data-halign=\"left\" style=\"text-align:left\"><div class=\"uvc-main-heading ult-responsive\"  data-ultimate-target='.uvc-heading.ultimate-heading-218969def643e90f2 h2'  data-responsive-json-new='{\"font-size\":\"\",\"line-height\":\"\"}' ><h2 style=\"font-weight:normal;margin-top:30px;margin-bottom:30px;\">Workshops Dracula Digital 2020<\/h2><\/div><div class=\"uvc-heading-spacer line_only\" style=\"margin-bottom:30px;height:2px;\"><span class=\"uvc-headings-line\" style=\"border-style:solid;border-bottom-width:2px;border-color:#e5e5e5;width:autopx;\"><\/span><\/div><\/div>[vc_row_inner][vc_column_inner width=&#8221;1\/2&#8243;][vc_column_text]<span style=\"color: #ec1c24; font-size: 20px; font-family: 'Roboto Mono'; font-weight: normal; margin-bottom: 10px; line-height: 1.25;\">Workshop &#8211; Dracula Digital Competition 2020<\/span>[\/vc_column_text][vc_video link=&#8221;https:\/\/youtu.be\/FYgmSyKqq4M&#8221;][\/vc_column_inner][vc_column_inner width=&#8221;1\/2&#8243;][vc_column_text]<span style=\"color: #ec1c24; font-size: 20px; font-family: 'Roboto Mono'; font-weight: normal; margin-bottom: 10px; line-height: 1.25;\">&#8222;Film in Your Pocket&#8221; with Abdul Zainidi<\/span>[\/vc_column_text][vc_video link=&#8221;https:\/\/youtu.be\/Wvbp1REn5Ao&#8221;][\/vc_column_inner][\/vc_row_inner][\/vc_column][\/vc_row][vc_row][vc_column][vc_empty_space css=&#8221;.vc_custom_1603182628997{border-top-width: 2px !important;border-top-color: #e5e5e5 !important;border-top-style: solid !important;}&#8221;][\/vc_column][\/vc_row][vc_row][vc_column width=&#8221;1\/3&#8243;][vc_single_image image=&#8221;4640&#8243; img_size=&#8221;full&#8221; css=&#8221;.vc_custom_1603182918068{margin-bottom: 5px !important;}&#8221;]<div id=\"ultimate-heading-135669def643e917c\" class=\"uvc-heading ult-adjust-bottom-margin ultimate-heading-135669def643e917c uvc-3833 \" data-hspacer=\"no_spacer\"  data-halign=\"left\" style=\"text-align:left\"><div class=\"uvc-heading-spacer no_spacer\" style=\"top\"><\/div><div class=\"uvc-main-heading ult-responsive\"  data-ultimate-target='.uvc-heading.ultimate-heading-135669def643e917c h3'  data-responsive-json-new='{\"font-size\":\"\",\"line-height\":\"\"}' ><h3 style=\"font-weight:normal;margin-top:30px;margin-bottom:30px;\">Abdul Zainidi<\/h3><\/div><div class=\"uvc-sub-heading ult-responsive\"  data-ultimate-target='.uvc-heading.ultimate-heading-135669def643e917c .uvc-sub-heading '  data-responsive-json-new='{\"font-size\":\"\",\"line-height\":\"\"}'  style=\"font-weight:normal;margin-bottom:30px;\">Indie filmmaker<\/div><\/div>[\/vc_column][vc_column width=&#8221;2\/3&#8243;][vc_column_text]Abdul Zainidi is an indie filmmaker from Brunei Darussalam known for his Vanishing Children short films which have reached international recognition. His Vanishing Children shorts, which are a collection of narrative based, ghost stories shot in a raw, guerrilla style, have been selected in many acclaimed film festivals all over the world including London Sci-Fi Film Festival, Bucheon International Fantastic Film Festival. He was a graduate and alumni of Busan Asian Film School and his artistic and surreal approach to filmmaking have garnered him a reputation as a distinct sort of filmmaker in Brunei. He is also the recipient of the Bucheon Award for his feature film project Worm and the Widow, which will come out soon in Brunei cinemas on Halloween 2020.[\/vc_column_text][\/vc_column][\/vc_row][vc_row][vc_column][vc_empty_space css=&#8221;.vc_custom_1603182628997{border-top-width: 2px !important;border-top-color: #e5e5e5 !important;border-top-style: solid !important;}&#8221;][\/vc_column][\/vc_row][vc_row][vc_column width=&#8221;1\/3&#8243;][vc_single_image image=&#8221;4192&#8243; img_size=&#8221;full&#8221; css=&#8221;.vc_custom_1603182925696{margin-bottom: 5px !important;}&#8221;]<div id=\"ultimate-heading-978369def643e920c\" class=\"uvc-heading ult-adjust-bottom-margin ultimate-heading-978369def643e920c uvc-9531 \" data-hspacer=\"no_spacer\"  data-halign=\"left\" style=\"text-align:left\"><div class=\"uvc-heading-spacer no_spacer\" style=\"top\"><\/div><div class=\"uvc-main-heading ult-responsive\"  data-ultimate-target='.uvc-heading.ultimate-heading-978369def643e920c h3'  data-responsive-json-new='{\"font-size\":\"\",\"line-height\":\"\"}' ><h3 style=\"font-weight:normal;margin-top:30px;margin-bottom:30px;\">\u0218tefan Iancu<\/h3><\/div><div class=\"uvc-sub-heading ult-responsive\"  data-ultimate-target='.uvc-heading.ultimate-heading-978369def643e920c .uvc-sub-heading '  data-responsive-json-new='{\"font-size\":\"\",\"line-height\":\"\"}'  style=\"font-weight:normal;margin-bottom:30px;\">Actor<\/div><\/div>[\/vc_column][vc_column width=&#8221;2\/3&#8243;][vc_column_text]N\u0103scut pe 26 decembrie 1997, \u015etefan Iancu a interpretat roluri \u00een peste zece produc\u0163ii rom\u00e2ne\u015fti \u015fi str\u0103ine, lungmetraje \u015fi filme de televiziune. A f\u0103cut parte din distribu\u0163ia unor filme precum Kyra Kyralina de Dan Pi\u0163a, Walking with the enemy de Mark Schmidt \u015fi Amintiri din epoca de aur, proiect de Cristian Mungiu. A \u00eemp\u0103r\u0163it, la v\u00e2rsta de cinci ani, platoul de filmare cu Keira Knightley \u015fi c\u00e2\u0163iva ani mai t\u00e2rziu, cu Steven Seagal. \u00cen 2018, a primit Premiul Gopo pentru \u201eT\u00e2n\u0103r\u0103 speran\u0163\u0103\u201d, pentru rolul din Un pas \u00een urma serafimilor. Joaca actualmente \u00een serialul TV Vlad.[\/vc_column_text][\/vc_column][\/vc_row][vc_row][vc_column][vc_empty_space css=&#8221;.vc_custom_1603182628997{border-top-width: 2px !important;border-top-color: #e5e5e5 !important;border-top-style: solid !important;}&#8221;][\/vc_column][\/vc_row][vc_row][vc_column width=&#8221;1\/3&#8243;][vc_single_image image=&#8221;4193&#8243; img_size=&#8221;full&#8221; css=&#8221;.vc_custom_1603182933881{margin-bottom: 5px !important;}&#8221;]<div id=\"ultimate-heading-889269def643e9283\" class=\"uvc-heading ult-adjust-bottom-margin ultimate-heading-889269def643e9283 uvc-7017 \" data-hspacer=\"no_spacer\"  data-halign=\"left\" style=\"text-align:left\"><div class=\"uvc-heading-spacer no_spacer\" style=\"top\"><\/div><div class=\"uvc-main-heading ult-responsive\"  data-ultimate-target='.uvc-heading.ultimate-heading-889269def643e9283 h3'  data-responsive-json-new='{\"font-size\":\"\",\"line-height\":\"\"}' ><h3 style=\"font-weight:normal;margin-top:30px;margin-bottom:30px;\">Anghel Damian<\/h3><\/div><div class=\"uvc-sub-heading ult-responsive\"  data-ultimate-target='.uvc-heading.ultimate-heading-889269def643e9283 .uvc-sub-heading '  data-responsive-json-new='{\"font-size\":\"\",\"line-height\":\"\"}'  style=\"font-weight:normal;margin-bottom:30px;\">Actor, scenarist \u0219i regizor<\/div><\/div>[\/vc_column][vc_column width=&#8221;2\/3&#8243;][vc_column_text]A debutat ca actor \u00een scurtmetraje, c\u0103rora le-au urmat colaborarea din serialul TV \u00cengeri pierdu\u021bi \u0219i lungmetrajul Roxanne regizat de Vali Hotea, \u00een care a avut un rol secundar. A fost distins cu Premiul pentru Cel mai bun actor de comedie la Gala teatral\u0103 HOP. Din 2014, a \u00eenceput s\u0103 scrie scenarii de teatru \u0219i film, prima produc\u021bie de lungmetraj dup\u0103 scenariul s\u0103u fiind anima\u021bia C\u0103l\u0103toria fantastic\u0103 a Maronei, 2019, regia Anca Damian. Din 2017 este actor al Teatrului de Comedie din Bucure\u0219ti. Primul s\u0103u scurtmetraj, Michelangelo, a avut premiera \u00een 2018 la TIFF, unde a c\u00e2\u0219tigat Premiul Special al Juriului. Celed este cel de-al doilea scurtmetraj regizat de el, distins cu Premiul Special al Juriului la TIFF. Din 2019, Anghel Damian este principalul scenarist al serialului pentru televiziune Vlad.[\/vc_column_text][\/vc_column][\/vc_row]<\/p>\n","protected":false},"excerpt":{"rendered":"<p>[vc_row][vc_column][\/vc_column][\/vc_row][vc_row][vc_column][vc_row_inner][vc_column_inner width=&#8221;1\/2&#8243;][vc_column_text]Workshop &#8211; Dracula Digital Competition 2020[\/vc_column_text][vc_video link=&#8221;https:\/\/youtu.be\/FYgmSyKqq4M&#8221;][\/vc_column_inner][vc_column_inner width=&#8221;1\/2&#8243;][vc_column_text]&#8222;Film in Your Pocket&#8221; with Abdul Zainidi[\/vc_column_text][vc_video link=&#8221;https:\/\/youtu.be\/Wvbp1REn5Ao&#8221;][\/vc_column_inner][\/vc_row_inner][\/vc_column][\/vc_row][vc_row][vc_column][vc_empty_space css=&#8221;.vc_custom_1603182628997{border-top-width: 2px !important;border-top-color: #e5e5e5 !important;border-top-style: solid !important;}&#8221;][\/vc_column][\/vc_row][vc_row][vc_column width=&#8221;1\/3&#8243;][vc_single_image image=&#8221;4640&#8243; img_size=&#8221;full&#8221; css=&#8221;.vc_custom_1603182918068{margin-bottom: 5px !important;}&#8221;][\/vc_column][vc_column width=&#8221;2\/3&#8243;][vc_column_text]Abdul Zainidi is an indie filmmaker from Brunei Darussalam known for his Vanishing Children short films which have reached international recognition. His Vanishing Children shorts, which &hellip; <a href=\"https:\/\/draculadigital.ro\/2020\/workshop\/\" class=\"more-link\">Continu\u0103 lectura<span class=\"screen-reader-text\"> \u201eWorkshop\u201d<\/span><\/a><\/p>\n","protected":false},"author":1,"featured_media":0,"parent":0,"menu_order":0,"comment_status":"closed","ping_status":"closed","template":"","meta":[],"yoast_head":"<!-- This site is optimized with the Yoast SEO plugin v14.5 - https:\/\/yoast.com\/wordpress\/plugins\/seo\/ -->\n<title>Workshop - Dracula Digital - 2020<\/title>\n<meta name=\"robots\" content=\"index, follow\" \/>\n<meta name=\"googlebot\" content=\"index, follow, max-snippet:-1, max-image-preview:large, max-video-preview:-1\" \/>\n<meta name=\"bingbot\" content=\"index, follow, max-snippet:-1, max-image-preview:large, max-video-preview:-1\" \/>\n<link rel=\"canonical\" href=\"https:\/\/draculadigital.ro\/2020\/workshop\/\" \/>\n<meta property=\"og:locale\" content=\"ro_RO\" \/>\n<meta property=\"og:type\" content=\"article\" \/>\n<meta property=\"og:title\" content=\"Workshop - Dracula Digital - 2020\" \/>\n<meta property=\"og:description\" content=\"[vc_row][vc_column][\/vc_column][\/vc_row][vc_row][vc_column][vc_row_inner][vc_column_inner width=&#8221;1\/2&#8243;][vc_column_text]Workshop &#8211; Dracula Digital Competition 2020[\/vc_column_text][vc_video link=&#8221;https:\/\/youtu.be\/FYgmSyKqq4M&#8221;][\/vc_column_inner][vc_column_inner width=&#8221;1\/2&#8243;][vc_column_text]&#8222;Film in Your Pocket&#8221; with Abdul Zainidi[\/vc_column_text][vc_video link=&#8221;https:\/\/youtu.be\/Wvbp1REn5Ao&#8221;][\/vc_column_inner][\/vc_row_inner][\/vc_column][\/vc_row][vc_row][vc_column][vc_empty_space css=&#8221;.vc_custom_1603182628997{border-top-width: 2px !important;border-top-color: #e5e5e5 !important;border-top-style: solid !important;}&#8221;][\/vc_column][\/vc_row][vc_row][vc_column width=&#8221;1\/3&#8243;][vc_single_image image=&#8221;4640&#8243; img_size=&#8221;full&#8221; css=&#8221;.vc_custom_1603182918068{margin-bottom: 5px !important;}&#8221;][\/vc_column][vc_column width=&#8221;2\/3&#8243;][vc_column_text]Abdul Zainidi is an indie filmmaker from Brunei Darussalam known for his Vanishing Children short films which have reached international recognition. His Vanishing Children shorts, which &hellip; Continu\u0103 lectura \u201eWorkshop\u201d\" \/>\n<meta property=\"og:url\" content=\"https:\/\/draculadigital.ro\/2020\/workshop\/\" \/>\n<meta property=\"og:site_name\" content=\"Dracula Digital - 2020\" \/>\n<meta property=\"article:modified_time\" content=\"2023-08-07T13:32:07+00:00\" \/>\n<meta property=\"og:image\" content=\"https:\/\/draculadigital.ro\/2020\/wp-content\/uploads\/2020\/07\/fb-dracula-digital-2020-01.png\" \/>\n\t<meta property=\"og:image:width\" content=\"1200\" \/>\n\t<meta property=\"og:image:height\" content=\"630\" \/>\n<meta name=\"twitter:card\" content=\"summary_large_image\" \/>\n<script type=\"application\/ld+json\" class=\"yoast-schema-graph\">{\"@context\":\"https:\/\/schema.org\",\"@graph\":[{\"@type\":\"WebSite\",\"@id\":\"https:\/\/draculadigital.ro\/2020\/#website\",\"url\":\"https:\/\/draculadigital.ro\/2020\/\",\"name\":\"Dracula Digital - 2020\",\"description\":\"Competi\\u0163ie de film digital.\",\"potentialAction\":[{\"@type\":\"SearchAction\",\"target\":\"https:\/\/draculadigital.ro\/2020\/?s={search_term_string}\",\"query-input\":\"required name=search_term_string\"}],\"inLanguage\":\"ro-RO\"},{\"@type\":\"WebPage\",\"@id\":\"https:\/\/draculadigital.ro\/2020\/workshop\/#webpage\",\"url\":\"https:\/\/draculadigital.ro\/2020\/workshop\/\",\"name\":\"Workshop - Dracula Digital - 2020\",\"isPartOf\":{\"@id\":\"https:\/\/draculadigital.ro\/2020\/#website\"},\"datePublished\":\"2020-10-20T08:12:58+00:00\",\"dateModified\":\"2023-08-07T13:32:07+00:00\",\"inLanguage\":\"ro-RO\",\"potentialAction\":[{\"@type\":\"ReadAction\",\"target\":[\"https:\/\/draculadigital.ro\/2020\/workshop\/\"]}]}]}<\/script>\n<!-- \/ Yoast SEO plugin. -->","_links":{"self":[{"href":"https:\/\/draculadigital.ro\/2020\/wp-json\/wp\/v2\/pages\/4636"}],"collection":[{"href":"https:\/\/draculadigital.ro\/2020\/wp-json\/wp\/v2\/pages"}],"about":[{"href":"https:\/\/draculadigital.ro\/2020\/wp-json\/wp\/v2\/types\/page"}],"author":[{"embeddable":true,"href":"https:\/\/draculadigital.ro\/2020\/wp-json\/wp\/v2\/users\/1"}],"replies":[{"embeddable":true,"href":"https:\/\/draculadigital.ro\/2020\/wp-json\/wp\/v2\/comments?post=4636"}],"version-history":[{"count":17,"href":"https:\/\/draculadigital.ro\/2020\/wp-json\/wp\/v2\/pages\/4636\/revisions"}],"predecessor-version":[{"id":6487,"href":"https:\/\/draculadigital.ro\/2020\/wp-json\/wp\/v2\/pages\/4636\/revisions\/6487"}],"wp:attachment":[{"href":"https:\/\/draculadigital.ro\/2020\/wp-json\/wp\/v2\/media?parent=4636"}],"curies":[{"name":"wp","href":"https:\/\/api.w.org\/{rel}","templated":true}]}}