{"id":35,"date":"2020-07-17T17:14:54","date_gmt":"2020-07-17T14:14:54","guid":{"rendered":"http:\/\/draculadigital.ro\/?page_id=35"},"modified":"2023-08-07T16:31:17","modified_gmt":"2023-08-07T13:31:17","slug":"qa","status":"publish","type":"page","link":"https:\/\/draculadigital.ro\/2020\/qa\/","title":{"rendered":"Q&#038;A"},"content":{"rendered":"<p>[vc_row][vc_column]<div class=\" ubtn-ctn-center \"><a class=\"ubtn-link ult-adjust-bottom-margin ubtn-center ubtn-block \" href=\"https:\/\/draculadigital.ro\/\" title=\"Dracula Digital 2021\" ><button type=\"button\" id=\"ubtn-8654\"  class=\"ubtn ult-adjust-bottom-margin ult-responsive ubtn-block ubtn-no-hover-bg  none  ubtn-sep-icon ubtn-sep-icon-at-left  ubtn-center   tooltip-69dca77d8b6c6 ubtn-block\"  data-hover=\"#e5e5e5\" data-border-color=\"#e61b23\" data-bg=\"#e61b23\" data-hover-bg=\"#000000\" data-border-hover=\"#e5e5e5\" data-shadow-hover=\"\" data-shadow-click=\"none\" data-shadow=\"\" data-shd-shadow=\"\"  data-ultimate-target='#ubtn-8654'  data-responsive-json-new='{\"font-size\":\"desktop:24px;\",\"line-height\":\"\"}'  style=\"font-weight:normal;border-radius:0px;border-width:2px;border-color:#e61b23;border-style:solid;background: #e61b23;color: #e5e5e5;\"><span class=\"ubtn-data ubtn-icon\"><i class=\"Defaults-angle-left\" style=\"font-size:32px;color:#e5e5e5;\"><\/i><\/span><span class=\"ubtn-hover\" style=\"background-color:#000000\"><\/span><span class=\"ubtn-data ubtn-text \" >\u00ceNAPOI LA DRACULA DIGITAL 2023<\/span><\/button><\/a><\/div>[\/vc_column][\/vc_row][vc_row][vc_column][vc_column_text]<\/p>\n<h3>Etapa I: \u00censcriere \u0219i Selec\u021bie<\/h3>\n<h4><span style=\"color: #ed1c24;\">1.<\/span> CE ESTE DRACULA DIGITAL?<\/h4>\n<p><a href=\"http:\/\/draculadigital.ro\/\" target=\"_blank\" rel=\"noopener noreferrer\">Dracula Digital<\/a> este o competi\u021bie inedit\u0103 organizat\u0103 \u00een cadrul evenimentului <a href=\"http:\/\/draculafilm.ro\/\" target=\"_blank\" rel=\"noopener noreferrer\">Dracula Film Festival<\/a> edi\u021bia a VIII-a, de c\u0103tre <strong>Asocia\u021bia Cultural\u0103 FANZIN<\/strong> din Bra\u0219ov.<\/p>\n<h4><span style=\"color: #ed1c24;\">2.<\/span> CARE ESTE SCOPUL ACESTEI COMPETI\u021aII?<\/h4>\n<p>Prin <a href=\"http:\/\/draculadigital.ro\/\" target=\"_blank\" rel=\"noopener noreferrer\">Dracula Digital<\/a> ne propunem s\u0103 promov\u0103m educa\u021bia cinematografic\u0103 \u00een r\u00e2ndul tinerilor, oferindu-le acestora \u0219ansa de a se apropia de lumea filmului \u0219i de a descoperi, pe aceast\u0103 cale, noi talente cinematografice \u00een Rom\u00e2nia.<\/p>\n<h4><span style=\"color: #ed1c24;\">3.<\/span> CUI I SE ADRESEAZ\u0102?<\/h4>\n<p><a href=\"http:\/\/draculadigital.ro\/\" target=\"_blank\" rel=\"noopener noreferrer\">Dracula Digital<\/a> se adreseaz\u0103 tuturor persoanelor cu v\u00e2rste cuprinse \u00eentre <strong>16<\/strong> \u0219i <strong>29 ani<\/strong>, din toat\u0103 \u021bara, pasiona\u021bi de film \u0219i fotografie.<\/p>\n<h4><span style=\"color: #ed1c24;\">4.<\/span> DE CE S\u0102 M\u0102 \u00ceNSCRIU?<\/h4>\n<p>\u00censcrierea la aceast\u0103 competi\u021bie aduce cu sine numeroase beneficii printre care amintim: posibilitatea de a colabora cu speciali\u0219ti din domeniul culturii cinematografice, posibilitatea ca filmul realizat de tine s\u0103 fie difuzat \u00een cadrul festivalului <a href=\"http:\/\/draculafilm.ro\/\" target=\"_blank\" rel=\"noopener noreferrer\">Dracula Film Festival<\/a>, participarea la workshop-uri despre suspans, scenaristic\u0103, secretele unui smartphone, \u0219i, desigur, s\u0103 nu uit\u0103m de marele premiu de <strong>1000 lei<\/strong> pentru echipa c\u00e2\u0219tig\u0103toare.<\/p>\n<h4><span style=\"color: #ed1c24;\">5.<\/span> CARE ESTE PERIOADA DE DESF\u0102\u0218URARE A COMPETI\u021aIEI?<\/h4>\n<p>Competi\u021bia <a href=\"http:\/\/draculadigital.ro\/concurs\/\" target=\"_blank\" rel=\"noopener noreferrer\">Dracula Digital<\/a> se va desf\u0103\u0219ura \u00een perioada <strong>20 iulie<\/strong> \u2013 <strong>18 octombrie 2020<\/strong>.<\/p>\n<h4><span style=\"color: #ed1c24;\">6.<\/span> CARE SUNT REGULILE DE \u00ceNSCRIERE \u00ceN COMPETI\u021aIE?<\/h4>\n<p>Trebuie s\u0103 ai \u00eentre <strong>16<\/strong> \u0219i <strong>29 ani<\/strong>.<br \/>\nTrebuie s\u0103 realizezi un film cu telefonul mobil, care s\u0103 aib\u0103 \u00eentre <strong>1<\/strong> \u0219i <strong>3 minute<\/strong>. Acest film trebuie postat pe <a href=\"https:\/\/youtube.com\/\" target=\"_blank\" rel=\"noopener noreferrer\">www.youtube.com<\/a>, sau pe <a href=\"https:\/\/vimeo.com\/\" target=\"_blank\" rel=\"noopener noreferrer\">www.vimeo.com<\/a>, iar link-ul trebuie \u00eenc\u0103rcat pe <a href=\"http:\/\/draculadigital.ro\/concurs\/\" target=\"_blank\" rel=\"noopener noreferrer\">draculadigital.ro<\/a>.<br \/>\nMai multe informa\u021bii g\u0103se\u0219ti aici: <a href=\"http:\/\/draculadigital.ro\/concurs\/\" target=\"_blank\" rel=\"noopener noreferrer\">draculadigital.ro\/concurs\/<\/a><\/p>\n<h4><span style=\"color: #ed1c24;\">7.<\/span> C\u00c2ND SE POT FACE \u00ceNSCRIERILE \u00ceN COMPETI\u021aIE?<\/h4>\n<p>\u00censcrierile \u00een competi\u021bie se fac \u00een perioada <strong>20 iulie<\/strong> \u2013 <strong>30 septembrie 2020<\/strong> pe site-ul <a href=\"http:\/\/draculadigital.ro\/concurs\/\" target=\"_blank\" rel=\"noopener noreferrer\">draculadigital.ro<\/a>.<\/p>\n<h4><span style=\"color: #ed1c24;\">8.<\/span> CUM SE VOR ALEGE ECHIPELE C\u00c2\u0218TIG\u0102TOARE?<\/h4>\n<p>Un juriu de specialitate va selecta <strong>5 filme<\/strong> care intr\u0103 \u00een final\u0103 <strong>+ 1 film<\/strong> ales prin votul publicului.<\/p>\n<p>Filmul care la data de <strong>5 octombrie 2020<\/strong>, <strong>ora 23:59<\/strong>, \u00eenregistreaz\u0103 cele mai multe voturi din partea publicului intr\u0103 automat \u00een final\u0103. Echipa c\u00e2\u0219tig\u0103toare se va alege prin vot iar votarea se va face exclusiv pe pagina <a href=\"http:\/\/draculadigital.ro\/concurs\/\" target=\"_blank\" rel=\"noopener noreferrer\">draculadigital.ro<\/a>.<\/p>\n<h4><span style=\"color: #ed1c24;\">9.<\/span> C\u00c2ND SE VOR VOTA FILMELE \u00ceNSCRISE \u00ceN COMPETI\u021aIE?<\/h4>\n<p>Perioada de vot este <strong>16<\/strong> &#8211; <strong>5 octombrie 2020<\/strong>.<\/p>\n<h4><span style=\"color: #ed1c24;\">10.<\/span> EXIST\u0102 TAXE DE \u00ceNSCRIERE \u00ceN COMPETI\u021aIE?<\/h4>\n<p>Nu exist\u0103 taxe de \u00eenscriere \u00een competi\u021bia <a href=\"http:\/\/draculadigital.ro\/\" target=\"_blank\" rel=\"noopener noreferrer\">Dracula Digital<\/a> iar festivalul nu pl\u0103te\u0219te drepturi de proiec\u021bie pentru filmele \u00eenscrise.<\/p>\n<h4><span style=\"color: #ed1c24;\">11.<\/span> C\u00c2\u021aI C\u00c2\u0218TIG\u0102TORI VOR FI ALE\u0218I PENTRU A MERGE \u00ceN ETAPA URM\u0102TOARE?<\/h4>\n<p>Un juriu de specialitate va selecta 5 filme care intr\u0103 \u00een final\u0103. De asemenea, filmul care la data de <strong>5 octombrie 2020<\/strong>, <strong>ora 23:59<\/strong>, \u00eenregistreaz\u0103 cele mai multe voturi din partea publicului intr\u0103 automat \u00een final\u0103.<\/p>\n<h4><span style=\"color: #ed1c24;\">12.<\/span> CUM SE VA DESF\u0102\u0218URA COMPETI\u021aIA CEA DE-A DOUA ETAP\u0102 A COMPETITIEI?<\/h4>\n<p>Pe durata <a href=\"http:\/\/draculadfilm.ro\/\" target=\"_blank\" rel=\"noopener noreferrer\">Dracula Film Festival<\/a> (<strong>14<\/strong> \u2013 <strong>18 octombrie 2020<\/strong>) cele 6 echipe selectate vor realiza c\u00e2te un film horror, SF, supranatural, thriller sau fantastic. Filmul va fi filmat cu telefoul mobil cu o tem\u0103 aleas\u0103 de juriu (utilizant 3 cuvinte cheie alese de juriu) \u0219i va avea 3 minute. Cele 6 echipe vor filma \u00een orasul de domiciliul \u0219i filme vor fi proiectate exclusiv online pe <a href=\"http:\/\/draculadigital.ro\/\" target=\"_blank\" rel=\"noopener noreferrer\">www.draculadigital.ro<\/a>. C\u00e2\u0219tig\u0103torul va fi ales prin votul juriului.<\/p>\n<h4><span style=\"color: #ed1c24;\">13.<\/span> CE ALTE BENEFICII VOR AVEA PARTICIPAN\u021aII?<\/h4>\n<p>Filmele celor 6 echipe vor fi proiectate \u00een cadrul festivalului.<br \/>\nParticiparea la dou\u0103 workshop-uri despre smartphone, creare de suspans, montaj \u0219i scenaristic\u0103.<br \/>\nMarele premiu de 1000 lei pentru echipa c\u00e2\u0219tig\u0103toare.<\/p>\n<p>Pentru mai multe informa\u021bii \u0219i detalii suplimentare despre competi\u021bia Dracula Digital accesa\u021bi <a href=\"http:\/\/draculadigital.ro\/concurs\/\" target=\"_blank\" rel=\"noopener noreferrer\">draculadigital.ro\/concurs\/<\/a>.[\/vc_column_text][\/vc_column][\/vc_row]<\/p>\n","protected":false},"excerpt":{"rendered":"<p>[vc_row][vc_column][\/vc_column][\/vc_row][vc_row][vc_column][vc_column_text] Etapa I: \u00censcriere \u0219i Selec\u021bie 1. CE ESTE DRACULA DIGITAL? Dracula Digital este o competi\u021bie inedit\u0103 organizat\u0103 \u00een cadrul evenimentului Dracula Film Festival edi\u021bia a VIII-a, de c\u0103tre Asocia\u021bia Cultural\u0103 FANZIN din Bra\u0219ov. 2. CARE ESTE SCOPUL ACESTEI COMPETI\u021aII? Prin Dracula Digital ne propunem s\u0103 promov\u0103m educa\u021bia cinematografic\u0103 \u00een r\u00e2ndul tinerilor, oferindu-le acestora \u0219ansa &hellip; <a href=\"https:\/\/draculadigital.ro\/2020\/qa\/\" class=\"more-link\">Continu\u0103 lectura<span class=\"screen-reader-text\"> \u201eQ&#038;A\u201d<\/span><\/a><\/p>\n","protected":false},"author":1,"featured_media":0,"parent":0,"menu_order":0,"comment_status":"closed","ping_status":"closed","template":"","meta":[],"yoast_head":"<!-- This site is optimized with the Yoast SEO plugin v14.5 - https:\/\/yoast.com\/wordpress\/plugins\/seo\/ -->\n<title>Q&amp;A - Dracula Digital - 2020<\/title>\n<meta name=\"robots\" content=\"index, follow\" \/>\n<meta name=\"googlebot\" content=\"index, follow, max-snippet:-1, max-image-preview:large, max-video-preview:-1\" \/>\n<meta name=\"bingbot\" content=\"index, follow, max-snippet:-1, max-image-preview:large, max-video-preview:-1\" \/>\n<link rel=\"canonical\" href=\"https:\/\/draculadigital.ro\/2020\/qa\/\" \/>\n<meta property=\"og:locale\" content=\"ro_RO\" \/>\n<meta property=\"og:type\" content=\"article\" \/>\n<meta property=\"og:title\" content=\"Q&amp;A - Dracula Digital - 2020\" \/>\n<meta property=\"og:description\" content=\"[vc_row][vc_column][\/vc_column][\/vc_row][vc_row][vc_column][vc_column_text] Etapa I: \u00censcriere \u0219i Selec\u021bie 1. CE ESTE DRACULA DIGITAL? Dracula Digital este o competi\u021bie inedit\u0103 organizat\u0103 \u00een cadrul evenimentului Dracula Film Festival edi\u021bia a VIII-a, de c\u0103tre Asocia\u021bia Cultural\u0103 FANZIN din Bra\u0219ov. 2. CARE ESTE SCOPUL ACESTEI COMPETI\u021aII? Prin Dracula Digital ne propunem s\u0103 promov\u0103m educa\u021bia cinematografic\u0103 \u00een r\u00e2ndul tinerilor, oferindu-le acestora \u0219ansa &hellip; Continu\u0103 lectura \u201eQ&#038;A\u201d\" \/>\n<meta property=\"og:url\" content=\"https:\/\/draculadigital.ro\/2020\/qa\/\" \/>\n<meta property=\"og:site_name\" content=\"Dracula Digital - 2020\" \/>\n<meta property=\"article:modified_time\" content=\"2023-08-07T13:31:17+00:00\" \/>\n<meta property=\"og:image\" content=\"https:\/\/draculadigital.ro\/2020\/wp-content\/uploads\/2020\/07\/fb-dracula-digital-2020-01.png\" \/>\n\t<meta property=\"og:image:width\" content=\"1200\" \/>\n\t<meta property=\"og:image:height\" content=\"630\" \/>\n<meta name=\"twitter:card\" content=\"summary_large_image\" \/>\n<script type=\"application\/ld+json\" class=\"yoast-schema-graph\">{\"@context\":\"https:\/\/schema.org\",\"@graph\":[{\"@type\":\"WebSite\",\"@id\":\"https:\/\/draculadigital.ro\/2020\/#website\",\"url\":\"https:\/\/draculadigital.ro\/2020\/\",\"name\":\"Dracula Digital - 2020\",\"description\":\"Competi\\u0163ie de film digital.\",\"potentialAction\":[{\"@type\":\"SearchAction\",\"target\":\"https:\/\/draculadigital.ro\/2020\/?s={search_term_string}\",\"query-input\":\"required name=search_term_string\"}],\"inLanguage\":\"ro-RO\"},{\"@type\":\"WebPage\",\"@id\":\"https:\/\/draculadigital.ro\/2020\/qa\/#webpage\",\"url\":\"https:\/\/draculadigital.ro\/2020\/qa\/\",\"name\":\"Q&A - Dracula Digital - 2020\",\"isPartOf\":{\"@id\":\"https:\/\/draculadigital.ro\/2020\/#website\"},\"datePublished\":\"2020-07-17T14:14:54+00:00\",\"dateModified\":\"2023-08-07T13:31:17+00:00\",\"inLanguage\":\"ro-RO\",\"potentialAction\":[{\"@type\":\"ReadAction\",\"target\":[\"https:\/\/draculadigital.ro\/2020\/qa\/\"]}]}]}<\/script>\n<!-- \/ Yoast SEO plugin. -->","_links":{"self":[{"href":"https:\/\/draculadigital.ro\/2020\/wp-json\/wp\/v2\/pages\/35"}],"collection":[{"href":"https:\/\/draculadigital.ro\/2020\/wp-json\/wp\/v2\/pages"}],"about":[{"href":"https:\/\/draculadigital.ro\/2020\/wp-json\/wp\/v2\/types\/page"}],"author":[{"embeddable":true,"href":"https:\/\/draculadigital.ro\/2020\/wp-json\/wp\/v2\/users\/1"}],"replies":[{"embeddable":true,"href":"https:\/\/draculadigital.ro\/2020\/wp-json\/wp\/v2\/comments?post=35"}],"version-history":[{"count":8,"href":"https:\/\/draculadigital.ro\/2020\/wp-json\/wp\/v2\/pages\/35\/revisions"}],"predecessor-version":[{"id":6483,"href":"https:\/\/draculadigital.ro\/2020\/wp-json\/wp\/v2\/pages\/35\/revisions\/6483"}],"wp:attachment":[{"href":"https:\/\/draculadigital.ro\/2020\/wp-json\/wp\/v2\/media?parent=35"}],"curies":[{"name":"wp","href":"https:\/\/api.w.org\/{rel}","templated":true}]}}