{"id":31,"date":"2020-07-17T17:13:52","date_gmt":"2020-07-17T14:13:52","guid":{"rendered":"http:\/\/draculadigital.ro\/?page_id=31"},"modified":"2023-08-07T16:31:39","modified_gmt":"2023-08-07T13:31:39","slug":"regulament","status":"publish","type":"page","link":"https:\/\/draculadigital.ro\/2020\/regulament\/","title":{"rendered":"Regulament"},"content":{"rendered":"<p>[vc_row][vc_column]<div class=\" ubtn-ctn-center \"><a class=\"ubtn-link ult-adjust-bottom-margin ubtn-center ubtn-block \" href=\"https:\/\/draculadigital.ro\/\" title=\"Dracula Digital 2021\" ><button type=\"button\" id=\"ubtn-5092\"  class=\"ubtn ult-adjust-bottom-margin ult-responsive ubtn-block ubtn-no-hover-bg  none  ubtn-sep-icon ubtn-sep-icon-at-left  ubtn-center   tooltip-69d7822fb2ef3 ubtn-block\"  data-hover=\"#e5e5e5\" data-border-color=\"#e61b23\" data-bg=\"#e61b23\" data-hover-bg=\"#000000\" data-border-hover=\"#e5e5e5\" data-shadow-hover=\"\" data-shadow-click=\"none\" data-shadow=\"\" data-shd-shadow=\"\"  data-ultimate-target='#ubtn-5092'  data-responsive-json-new='{\"font-size\":\"desktop:24px;\",\"line-height\":\"\"}'  style=\"font-weight:normal;border-radius:0px;border-width:2px;border-color:#e61b23;border-style:solid;background: #e61b23;color: #e5e5e5;\"><span class=\"ubtn-data ubtn-icon\"><i class=\"Defaults-angle-left\" style=\"font-size:32px;color:#e5e5e5;\"><\/i><\/span><span class=\"ubtn-hover\" style=\"background-color:#000000\"><\/span><span class=\"ubtn-data ubtn-text \" >\u00ceNAPOI LA DRACULA DIGITAL 2023<\/span><\/button><\/a><\/div>[\/vc_column][\/vc_row][vc_row][vc_column][vc_column_text]<\/p>\n<h4><span style=\"color: #ed1c24;\">1.<\/span> Organizator \u015fi obiective<\/h4>\n<p>Competi\u021bia Dracula Digital este organizat\u0103 \u00een cadrul evenimentului <a href=\"http:\/\/draculafilm.ro\/\" target=\"_blank\" rel=\"noopener noreferrer\">Dracula Film Festival<\/a>,<strong> Edi\u021bia a VIII-a<\/strong> organizat la <strong>Bra\u0219ov<\/strong> (sau online dac\u0103 din condi\u021bii care nu depind de organizatori proiec\u021bia filmelor nu poate avea loc \u00een prezen\u021ba publicului) de c\u01cetre Asocia\u021bia Cultural\u0103 FANZIN. <a href=\"http:\/\/draculadigital.ro\/concurs\/\" target=\"_blank\" rel=\"noopener noreferrer\">Dracula Digital<\/a> are scopul de a promova educa\u0163ia cinematografic\u0103 \u00een r\u00e2ndul tinerilor, de a le oferi tinerilor din toat\u0103 \u0163ara \u0219ansa de a se apropia de lumea filmului, \u015fi de a descoperi \u015fi cultiva noi talente \u00een cinematografia din Rom\u00e2nia. Acest atelier se adreseaz\u0103 tinerilor cu v\u00e2rste cuprinse \u00eentre <strong>16<\/strong> \u015fi <strong>29 ani<\/strong>, din toat\u0103 \u0163ara, pasiona\u0163i de film \u0219i fotografie.<\/p>\n<h4><span style=\"color: #ed1c24;\">2.<\/span> Perioada organiz\u01cerii competi\u021biei \u015fi date limit\u0103<\/h4>\n<p>Competi\u021bia <a href=\"http:\/\/draculadigital.ro\/concurs\/\" target=\"_blank\" rel=\"noopener noreferrer\">Dracula Digital<\/a> se va desf\u01ce\u015fura la <strong>Bra\u0219ov<\/strong> \u00een perioada <strong>20 iulie<\/strong> \u2013 <strong>18 octombrie 2020<\/strong>.<\/p>\n<p>\u00censcrierile se fac \u00een perioada <strong>20 iulie<\/strong> \u2013 <strong>30 septembrie 2020<\/strong> pe site-ul <a href=\"http:\/\/draculadigital.ro\/concurs\/\" target=\"_blank\" rel=\"noopener noreferrer\">www.draculadigital.ro<\/a>.<\/p>\n<p>Votarea filmelor \u00eenscrise se face \u00een perioada <strong>16<\/strong><strong> septembrie &#8211; 5 octombrie 2020<\/strong> pe site-ul <a href=\"http:\/\/draculadigital.ro\/concurs\/\" target=\"_blank\" rel=\"noopener noreferrer\">www.draculadigital.ro<\/a>.<\/p>\n<p>Competi\u021bia final\u0103 <a href=\"http:\/\/draculadigital.ro\/concurs\/\" target=\"_blank\" rel=\"noopener noreferrer\">Dracula Digital<\/a> are loc \u00een perioada <strong>14<\/strong> \u2013 <strong>18 octombrie 2020<\/strong>.<\/p>\n<h4><span style=\"color: #ed1c24;\">3.<\/span> Reguli de \u00eenscriere \u00een competi\u0163ie<\/h4>\n<p>Competi\u021bia <a href=\"http:\/\/draculadigital.ro\/concurs\/\" target=\"_blank\" rel=\"noopener noreferrer\">Dracula Digital<\/a> este destinat\u0103 tinerilor cu v\u00e2rsta cuprins\u0103 \u00eentre <strong>16<\/strong> \u0219i<strong> 29 ani<\/strong>.<\/p>\n<p>Pentru a participa la Competi\u021bia <a href=\"http:\/\/draculadigital.ro\/concurs\/\" target=\"_blank\" rel=\"noopener noreferrer\">Dracula Digital<\/a>:<\/p>\n<ol class=\"c\">\n<li>filmul trebuie s\u0103 fie filmat cu <strong>telefonul mobil<\/strong>;<\/li>\n<li>filmul trebuie s\u0103 aib\u0103 o durat\u0103 \u00eentre <strong>1<\/strong> \u0219i <strong>3 minute<\/strong>;<\/li>\n<li>trebuie s\u0103 fie un film <strong>horror<\/strong>, <strong>SF<\/strong>, <strong>supranatural<\/strong>, <strong>thriller<\/strong> sau <strong>fantastic<\/strong>;<\/li>\n<li>filmul trebuie postat pe <a href=\"https:\/\/www.youtube.com\/\" target=\"_blank\" rel=\"noopener noreferrer\">www.youtube.com<\/a>, <a href=\"https:\/\/vimeo.com\/\" target=\"_blank\" rel=\"noopener noreferrer\">www.vimeo.com<\/a>, iar link-ul trebuie postat pe <a href=\"http:\/\/draculadigital.ro\/concurs\/\" target=\"_blank\" rel=\"noopener noreferrer\">www.draculadigital.ro<\/a>;<\/li>\n<li>trebuie sa fii de acord \u0219i s\u0103 accep\u021bi regulamentul Competi\u021biei <a href=\"http:\/\/draculadigital.ro\/concurs\/\" target=\"_blank\" rel=\"noopener noreferrer\">Dracula Digital 2020<\/a>;<\/li>\n<li>trebuie s\u0103 ai o v\u00e2rst\u0103 cuprins\u0103 \u00eentre <strong>16<\/strong> \u0219i<strong> 29 ani<\/strong>.<\/li>\n<\/ol>\n<p>Nu exist\u0103 tax\u0103 de \u00eenscriere \u00een competi\u0163ia <a href=\"http:\/\/draculadigital.ro\/concurs\/\" target=\"_blank\" rel=\"noopener noreferrer\">Dracula Digital<\/a>. Festivalul NU pl\u0103te\u0219te drepturi de proiec\u021bie pentru filmele \u00eenscrise \u00een sec\u021biunea competitiv\u0103 <a href=\"http:\/\/draculadigital.ro\/concurs\/\" target=\"_blank\" rel=\"noopener noreferrer\">Dracula Digital<\/a>.<\/p>\n<p>Data limit\u0103 de primire a formularelor de \u00eenscriere \u00een competi\u021bie este<strong> 30 septembrie 2020<\/strong>. Sunt luate \u00een calcul doar \u00eenscrierile efectuate pe site-ul <a href=\"http:\/\/draculadigital.ro\/\" target=\"_blank\" rel=\"noopener noreferrer\">www.draculadigital.ro<\/a><\/p>\n<h4><span style=\"color: #ed1c24;\">4.<\/span> Etapa 1: Selec\u0163ia<\/h4>\n<p>Un juriu de specialitate va selecta <strong>5 filme<\/strong> care intr\u0103 \u00een final\u0103.<\/p>\n<p>De asemenea, filmul care la data de <strong>5 octombrie 2020<\/strong>, ora<strong> 23:59<\/strong>, \u00eenregistreaz\u0103 cele mai multe voturi din partea publicului filmul intr\u0103 automat \u00een final\u0103.<\/p>\n<p>\u00cen perioada <strong>1<\/strong><strong>6 septembrie &#8211; 5 octombrie 2020<\/strong>, pot fi votate filmele \u00eenscrise \u00een competi\u021bie. Votarea se face exclusiv pe <a href=\"http:\/\/draculadigital.ro\/concurs\/\" target=\"_blank\" rel=\"noopener noreferrer\">www.draculadigital.ro<\/a>.<\/p>\n<p>Cele <strong>6 echipe finaliste<\/strong> vor fi anuntate pe site-ul <a href=\"http:\/\/draculadigital.ro\/\" target=\"_blank\" rel=\"noopener noreferrer\">www.draculadigital.ro<\/a> pe data de <strong>5 octombrie 2020<\/strong>.<\/p>\n<p>Reprezenta\u021bii celor\u00a0<strong>6 filme selectate<\/strong>\u00a0pentru final\u0103 (5 de c\u0103tre juriu \u0219i unul de c\u0103tre public prin vot direct) vor intra in etapa a 2-a a competitiei ce va avea loc \u00een perioada festivalului\u00a0<a href=\"http:\/\/draculafilm.ro\/\" target=\"_blank\" rel=\"noopener noreferrer\">Dracula Film Festival<\/a>\u00a0organizat \u00een perioada\u00a0<strong>14<\/strong>\u00a0\u2013\u00a0<strong>18 octombrie 2020<\/strong>. Fiecare echipa va avea 3 membri.<\/p>\n<h4><span style=\"color: #ed1c24;\">5.<\/span> Etapa 2: Competi\u021bia<\/h4>\n<h5>Modul de desf\u0103\u021burare a competi\u021biei<\/h5>\n<p>Pe durata <a href=\"http:\/\/draculafilm.ro\/\" target=\"_blank\" rel=\"noopener noreferrer\">Dracula Film Festival<\/a> (<strong>14<\/strong> \u2013 <strong>18 octombrie 2020<\/strong>) cele 6 echipe selectate vor realiza c\u00e2te un film horror, SF, supranatural, thriller sau fantastic. Filmul va fi filmat cu telefoul mobil cu o tem\u0103 aleas\u0103 de juriu (utilizant 3 cuvinte cheie alese de juriu) \u0219i va avea <strong>3 minute<\/strong>. Cele 6 echipe vor filma \u00een orasul de domiciliul \u0219i filme vor fi proiectate exclusiv online pe <a href=\"http:\/\/draculadigital.ro\/\" target=\"_blank\" rel=\"noopener noreferrer\">www.draculadigital.ro<\/a>. C\u00e2\u0219tig\u0103torul va fi ales prin votul juriului.<\/p>\n<h5>Workshop<\/h5>\n<p>\u00cen perioada <strong>14<\/strong> \u2013 <strong>17 octombrie<\/strong>, cele 6 echipe selectate vor participa la un workshop online. Acesta va fi accesibil \u0219i publicului larg, pe baza de inscrieri in prealabil. Programul \u0219i tema workshop-urilor va fi anun\u021bat\u0103 p\u00e2n\u0103 la data de<strong> 14 octombrie 2020<\/strong>.<\/p>\n<h4><span style=\"color: #ed1c24;\">6.<\/span> \u00cenregistrare audio-video<\/h4>\n<p>Prin participarea la competi\u021bie, concuren\u021bii sunt de acord ca filmele realizate \u00een cadrul competi\u021biei s\u0103 fie \u00eenregistrate audio \u0219i video de c\u0103tre organizatori sau de c\u0103tre persoanele desemnate de c\u0103tre organizator \u00een acest scop. Persoanele care apar \u00een \u00eenregistr\u0103rile realizate nu pot avea nicio preten\u021bie fa\u021b\u0103 de organizatori, produc\u0103tori sau utilizatori.<\/p>\n<h4><span style=\"color: #ed1c24;\">7.<\/span> Premiul acordat<\/h4>\n<p>Premiul acordat de c\u0103tre organizator c\u00e2\u0219tig\u0103torului este de <strong>1000 lei<\/strong>.<\/p>\n<p>Premiul este impozabil conform legisla\u0163iei \u00een vigoare.<\/p>\n<h4><span style=\"color: #ed1c24;\">8.<\/span> Obliga\u0163iile concuren\u0163ilor<\/h4>\n<ol class=\"c\">\n<li>S\u0103 respecte clauzele regulamentului festivalului;<\/li>\n<li>S\u0103 participe la competi\u021bie, dac\u0103 au trecut de etapa de selec\u0163ie;<\/li>\n<li>S\u0103 de\u021bin\u0103 toate drepturile de autor, incluz\u00e2nd aici drepturile de \u00eenscriere \u0219i de proiec\u021bie a filmelor c\u00e2t \u0219i drepturile de autor ce revin actorilor sau coloanei muzicale.<\/li>\n<\/ol>\n<h4><span style=\"color: #ed1c24;\">9.<\/span> Obliga\u0163iile organizatorului<\/h4>\n<ol class=\"c\">\n<li>Organizeaz\u0103 \u015fi pune la dispozi\u0163ie sala de proiec\u021bie necesar\u0103 desf\u0103\u015fur\u0103rii competi\u021biei;<\/li>\n<li>Asigur\u0103 buna desf\u0103\u015furare a selec\u0163iei \u015fi impar\u0163ialitatea acesteia;<\/li>\n<li>Acord\u0103 \u201eDiplome de participare\u201d pentru to\u0163i concuren\u0163ii care intr\u0103 \u00een competi\u021bie;<\/li>\n<li>Organizatorii festivalului asigur\u0103 premii \u00een valoare totala de<strong> 1000 lei<\/strong>. Premiile sunt impozabile conform legisla\u0163iei \u00een vigoare.<\/li>\n<\/ol>\n<h4><span style=\"color: #ed1c24;\">10.<\/span> Situa\u0163ii neprev\u0103zute<\/h4>\n<p>Toate candidaturile \u00eenscrise trebuie s\u0103 respecte regulile enun\u0163ate mai sus. Organizatorul \u00ee\u015fi rezerv\u0103 dreptul de a rezolva orice situa\u0163ii excep\u0163ionale.<\/p>\n<h4><span style=\"color: #ed1c24;\">11.<\/span> Jurisdic\u0163ie<\/h4>\n<p>Participarea la Competi\u021bia <a href=\"http:\/\/draculadigital.ro\/concurs\/\" target=\"_blank\" rel=\"noopener noreferrer\">Dracula Digital<\/a> implic\u0103 acceptarea regulilor enun\u0163ate mai sus. \u00cen cazul unor litigii, ele vor fi solu\u0163ionate \u00een conformitate cu legisla\u0163ia rom\u00e2n\u0103. Organizatorul festivalului, <strong>Asocia\u0163ia Culturala FANZIN<\/strong>, \u00ee\u015fi rezerv\u0103 dreptul de a invoca for\u0163a major\u0103 a\u015fa cum este ea definit\u0103 \u00een legisla\u0163ia rom\u00e2n\u0103.<\/p>\n<h4><span style=\"color: #ed1c24;\">12.<\/span> Acceptarea termenilor<\/h4>\n<p>Pentru promovarea festivalului, concuren\u0163ii autorizeaz\u0103 folosirea de c\u0103tre organizatori a informa\u0163iilor \u015fi imaginilor trimise \u00een scopul realiz\u0103rii catalogului festivalului dar \u0219i punerea la dispozi\u0163ia presei a acestor imagini \/ materiale video si alte informa\u0163ii pentru difuzarea unor emisiuni TV dedicate Festivalului (f\u0103r\u0103 preten\u0163ii financiare).<\/p>\n<p>Festivalul este deschis pentru public. Un num\u0103r important de ziari\u0219ti acredita\u021bi din presa scris\u0103 \u0219i audio-video precum \u0219i distribuitori fiind invita\u021bi la manifestare.<\/p>\n<p>Este interzis\u0103 \u00eenscrierea filmelor pentru care participan\u021bii la competi\u021bie nu de\u021bin drepturile de autor sau nu au acordul autorului pentru a utiliza respectivele materiale.<\/p>\n<p>Concurentul este singurul responsabil pentru orice consecin\u021be directe sau indirecte care pot ap\u0103rea ca urmare a particip\u00eerii cu filmele la aceast\u0103 competi\u021bie.<\/p>\n<p>Organizatorul \u00ee\u0219i rezerv\u0103 dreptul de a nu lua \u00een considerare filmele pe care le consider\u0103 obscene, provocatoare sau care \u00eencalc\u0103 \u00een vreun fel Legea drepturilor de autor sau alte legi rom\u00e2ne\u0219ti \u00een vigoare la data Compe\u021bitiei.<\/p>\n<p>Participarea la Festival implic\u0103 respectarea necondi\u021bionat\u0103 a tuturor prevederilor regulamentului.[\/vc_column_text][\/vc_column][\/vc_row]<\/p>\n","protected":false},"excerpt":{"rendered":"<p>[vc_row][vc_column][\/vc_column][\/vc_row][vc_row][vc_column][vc_column_text] 1. Organizator \u015fi obiective Competi\u021bia Dracula Digital este organizat\u0103 \u00een cadrul evenimentului Dracula Film Festival, Edi\u021bia a VIII-a organizat la Bra\u0219ov (sau online dac\u0103 din condi\u021bii care nu depind de organizatori proiec\u021bia filmelor nu poate avea loc \u00een prezen\u021ba publicului) de c\u01cetre Asocia\u021bia Cultural\u0103 FANZIN. Dracula Digital are scopul de a promova educa\u0163ia cinematografic\u0103 &hellip; <a href=\"https:\/\/draculadigital.ro\/2020\/regulament\/\" class=\"more-link\">Continu\u0103 lectura<span class=\"screen-reader-text\"> \u201eRegulament\u201d<\/span><\/a><\/p>\n","protected":false},"author":1,"featured_media":0,"parent":0,"menu_order":0,"comment_status":"closed","ping_status":"closed","template":"","meta":[],"yoast_head":"<!-- This site is optimized with the Yoast SEO plugin v14.5 - https:\/\/yoast.com\/wordpress\/plugins\/seo\/ -->\n<title>Regulament - Dracula Digital - 2020<\/title>\n<meta name=\"robots\" content=\"index, follow\" \/>\n<meta name=\"googlebot\" content=\"index, follow, max-snippet:-1, max-image-preview:large, max-video-preview:-1\" \/>\n<meta name=\"bingbot\" content=\"index, follow, max-snippet:-1, max-image-preview:large, max-video-preview:-1\" \/>\n<link rel=\"canonical\" href=\"https:\/\/draculadigital.ro\/2020\/regulament\/\" \/>\n<meta property=\"og:locale\" content=\"ro_RO\" \/>\n<meta property=\"og:type\" content=\"article\" \/>\n<meta property=\"og:title\" content=\"Regulament - Dracula Digital - 2020\" \/>\n<meta property=\"og:description\" content=\"[vc_row][vc_column][\/vc_column][\/vc_row][vc_row][vc_column][vc_column_text] 1. Organizator \u015fi obiective Competi\u021bia Dracula Digital este organizat\u0103 \u00een cadrul evenimentului Dracula Film Festival, Edi\u021bia a VIII-a organizat la Bra\u0219ov (sau online dac\u0103 din condi\u021bii care nu depind de organizatori proiec\u021bia filmelor nu poate avea loc \u00een prezen\u021ba publicului) de c\u01cetre Asocia\u021bia Cultural\u0103 FANZIN. Dracula Digital are scopul de a promova educa\u0163ia cinematografic\u0103 &hellip; Continu\u0103 lectura \u201eRegulament\u201d\" \/>\n<meta property=\"og:url\" content=\"https:\/\/draculadigital.ro\/2020\/regulament\/\" \/>\n<meta property=\"og:site_name\" content=\"Dracula Digital - 2020\" \/>\n<meta property=\"article:modified_time\" content=\"2023-08-07T13:31:39+00:00\" \/>\n<meta property=\"og:image\" content=\"https:\/\/draculadigital.ro\/2020\/wp-content\/uploads\/2020\/07\/fb-dracula-digital-2020-01.png\" \/>\n\t<meta property=\"og:image:width\" content=\"1200\" \/>\n\t<meta property=\"og:image:height\" content=\"630\" \/>\n<meta name=\"twitter:card\" content=\"summary_large_image\" \/>\n<script type=\"application\/ld+json\" class=\"yoast-schema-graph\">{\"@context\":\"https:\/\/schema.org\",\"@graph\":[{\"@type\":\"WebSite\",\"@id\":\"https:\/\/draculadigital.ro\/2020\/#website\",\"url\":\"https:\/\/draculadigital.ro\/2020\/\",\"name\":\"Dracula Digital - 2020\",\"description\":\"Competi\\u0163ie de film digital.\",\"potentialAction\":[{\"@type\":\"SearchAction\",\"target\":\"https:\/\/draculadigital.ro\/2020\/?s={search_term_string}\",\"query-input\":\"required name=search_term_string\"}],\"inLanguage\":\"ro-RO\"},{\"@type\":\"WebPage\",\"@id\":\"https:\/\/draculadigital.ro\/2020\/regulament\/#webpage\",\"url\":\"https:\/\/draculadigital.ro\/2020\/regulament\/\",\"name\":\"Regulament - Dracula Digital - 2020\",\"isPartOf\":{\"@id\":\"https:\/\/draculadigital.ro\/2020\/#website\"},\"datePublished\":\"2020-07-17T14:13:52+00:00\",\"dateModified\":\"2023-08-07T13:31:39+00:00\",\"inLanguage\":\"ro-RO\",\"potentialAction\":[{\"@type\":\"ReadAction\",\"target\":[\"https:\/\/draculadigital.ro\/2020\/regulament\/\"]}]}]}<\/script>\n<!-- \/ Yoast SEO plugin. -->","_links":{"self":[{"href":"https:\/\/draculadigital.ro\/2020\/wp-json\/wp\/v2\/pages\/31"}],"collection":[{"href":"https:\/\/draculadigital.ro\/2020\/wp-json\/wp\/v2\/pages"}],"about":[{"href":"https:\/\/draculadigital.ro\/2020\/wp-json\/wp\/v2\/types\/page"}],"author":[{"embeddable":true,"href":"https:\/\/draculadigital.ro\/2020\/wp-json\/wp\/v2\/users\/1"}],"replies":[{"embeddable":true,"href":"https:\/\/draculadigital.ro\/2020\/wp-json\/wp\/v2\/comments?post=31"}],"version-history":[{"count":14,"href":"https:\/\/draculadigital.ro\/2020\/wp-json\/wp\/v2\/pages\/31\/revisions"}],"predecessor-version":[{"id":6485,"href":"https:\/\/draculadigital.ro\/2020\/wp-json\/wp\/v2\/pages\/31\/revisions\/6485"}],"wp:attachment":[{"href":"https:\/\/draculadigital.ro\/2020\/wp-json\/wp\/v2\/media?parent=31"}],"curies":[{"name":"wp","href":"https:\/\/api.w.org\/{rel}","templated":true}]}}